{"id":834,"date":"2019-03-14T23:12:14","date_gmt":"2019-03-14T22:12:14","guid":{"rendered":"http:\/\/wp.joelservis.sk\/?page_id=834"},"modified":"2020-02-05T13:36:49","modified_gmt":"2020-02-05T12:36:49","slug":"monitoring","status":"publish","type":"page","link":"https:\/\/www.joelservis.sk\/en\/sluzby\/monitoring\/","title":{"rendered":"Monitoring"},"content":{"rendered":"<div class=\"wpb-content-wrapper\"><p>[vc_row css=&#8221;.vc_custom_1479479612209{padding-top: 100px !important;padding-bottom: 50px !important;}&#8221;][vc_column width=&#8221;3\/4&#8243; el_class=&#8221;border-right&#8221;][vc_single_image image=&#8221;933&#8243; img_size=&#8221;large&#8221;][vc_column_text]<\/p>\n<h2>Monitoring<\/h2>\n<p>Aj Vy pou\u017e\u00edvate zariadenia, \u010di slu\u017eby, ktor\u00e9 musia by\u0165 st\u00e1le dostupne?<\/p>\n<blockquote><p>Zverte ich do na\u0161ich r\u00fak a my ich budeme neust\u00e1le monitorova\u0165.<\/p><\/blockquote>\n<p>Na\u0161e technol\u00f3gie n\u00e1s okam\u017eite upozornia na v\u00fdpadok Va\u0161ich k\u013e\u00fa\u010dov\u00fdch slu\u017eieb \u010di zariaden\u00ed a vieme okam\u017eite aktivova\u0165 potrebn\u00e9 procesy na op\u00e4tovn\u00e9 spustenie t\u00fdchto slu\u017eieb \u010di zariaden\u00ed.[\/vc_column_text][\/vc_column][vc_column width=&#8221;1\/4&#8243;][vc_wp_custommenu title=&#8221;Viac slu\u017eieb&#8221; nav_menu=&#8221;19&#8243; el_class=&#8221;service-menu&#8221;][\/vc_column][\/vc_row][vc_row full_width=&#8221;stretch_row&#8221; el_class=&#8221;overlay&#8221; css=&#8221;.vc_custom_1479480518446{background-image: url(http:\/\/dev.designcafe.net\/industry\/wp-content\/uploads\/2016\/11\/slide-bg.jpg?id=69) !important;}&#8221;][vc_column]<div style=\"color:#ffffff\" class=\"industry-cta-box industry-cta-box-1\">\n            <h3 style=\"color:#ffffff\">Ste pripraven\u00ed?<\/h3>\n            <div style=\"color:#ffffff\">\n                <p>My \u00e1no<\/p>\n\n            <\/div>\n            <a href=\"https:\/\/www.joelservis.sk\/en\/kontakt\/\" class=\"industry-btn industry-cta-btn\">Kontaktujte n\u00e1s<\/a>\n        <\/div>[\/vc_column][\/vc_row]<\/p>\n<\/div>","protected":false},"excerpt":{"rendered":"<p>[vc_row css=&#8221;.vc_custom_1479479612209{padding-top: 100px !important;padding-bottom: 50px !important;}&#8221;][vc_column width=&#8221;3\/4&#8243; el_class=&#8221;border-right&#8221;][vc_single_image image=&#8221;933&#8243; img_size=&#8221;large&#8221;][vc_column_text] Monitoring Aj Vy pou\u017e\u00edvate zariadenia, \u010di slu\u017eby, ktor\u00e9 musia by\u0165 st\u00e1le dostupne? Zverte ich do na\u0161ich r\u00fak a my ich budeme neust\u00e1le monitorova\u0165. Na\u0161e technol\u00f3gie n\u00e1s okam\u017eite upozornia na v\u00fdpadok Va\u0161ich k\u013e\u00fa\u010dov\u00fdch slu\u017eieb \u010di zariaden\u00ed a vieme okam\u017eite aktivova\u0165 potrebn\u00e9 procesy na op\u00e4tovn\u00e9 spustenie t\u00fdchto [&hellip;]<\/p>\n","protected":false},"author":1,"featured_media":432,"parent":12,"menu_order":0,"comment_status":"closed","ping_status":"closed","template":"","meta":{"footnotes":""},"class_list":["post-834","page","type-page","status-publish","has-post-thumbnail","hentry"],"_links":{"self":[{"href":"https:\/\/www.joelservis.sk\/en\/wp-json\/wp\/v2\/pages\/834","targetHints":{"allow":["GET"]}}],"collection":[{"href":"https:\/\/www.joelservis.sk\/en\/wp-json\/wp\/v2\/pages"}],"about":[{"href":"https:\/\/www.joelservis.sk\/en\/wp-json\/wp\/v2\/types\/page"}],"author":[{"embeddable":true,"href":"https:\/\/www.joelservis.sk\/en\/wp-json\/wp\/v2\/users\/1"}],"replies":[{"embeddable":true,"href":"https:\/\/www.joelservis.sk\/en\/wp-json\/wp\/v2\/comments?post=834"}],"version-history":[{"count":3,"href":"https:\/\/www.joelservis.sk\/en\/wp-json\/wp\/v2\/pages\/834\/revisions"}],"predecessor-version":[{"id":935,"href":"https:\/\/www.joelservis.sk\/en\/wp-json\/wp\/v2\/pages\/834\/revisions\/935"}],"up":[{"embeddable":true,"href":"https:\/\/www.joelservis.sk\/en\/wp-json\/wp\/v2\/pages\/12"}],"wp:featuredmedia":[{"embeddable":true,"href":"https:\/\/www.joelservis.sk\/en\/wp-json\/"}],"wp:attachment":[{"href":"https:\/\/www.joelservis.sk\/en\/wp-json\/wp\/v2\/media?parent=834"}],"curies":[{"name":"wp","href":"https:\/\/api.w.org\/{rel}","templated":true}]}}