{"id":622,"date":"2016-11-22T10:17:06","date_gmt":"2016-11-22T10:17:06","guid":{"rendered":"http:\/\/dev.designcafe.net\/industry\/?page_id=622"},"modified":"2020-02-05T13:17:04","modified_gmt":"2020-02-05T12:17:04","slug":"bezpecnost","status":"publish","type":"page","link":"https:\/\/www.joelservis.sk\/en\/sluzby\/bezpecnost\/","title":{"rendered":"Bezpe\u010dnos\u0165"},"content":{"rendered":"<div class=\"wpb-content-wrapper\"><p>[vc_row css=&#8221;.vc_custom_1479479612209{padding-top: 100px !important;padding-bottom: 50px !important;}&#8221;][vc_column width=&#8221;3\/4&#8243; el_class=&#8221;border-right&#8221;][vc_single_image image=&#8221;915&#8243; img_size=&#8221;large&#8221;][vc_column_text]<\/p>\n<h2>Bezpe\u010dnos\u0165<\/h2>\n<p>Chcete sa c\u00edti\u0165 bezpe\u010dne vo svojom dome, na pracovisku, na \u00farade, v\u0161ade kam chod\u00edte?<\/p>\n<p>Pon\u00fakame komplexn\u00e9 rie\u0161enie va\u0161ej bezpe\u010dnosti.<\/p>\n<p>Zabezpe\u010d\u00edme va\u0161e priestory pomocou alarmu, postr\u00e1\u017eime v\u00e1s pomocou kamerov\u00e9ho syst\u00e9mu, budeme dohliada\u0165 na va\u0161e objekty pomocou pultu centr\u00e1lnej ochrany s v\u00fdjazdovou jednotkou, va\u0161e auto bude pod pozorn\u00fdm okom gps syst\u00e9mov.<\/p>\n<p>Vy\u017eiadajte si na\u0161u ponuku a zaru\u010dene s \u0148ou budete spokojn\u00ed.[\/vc_column_text][\/vc_column][vc_column width=&#8221;1\/4&#8243;][vc_wp_custommenu title=&#8221;Viac slu\u017eieb&#8221; nav_menu=&#8221;19&#8243; el_class=&#8221;service-menu&#8221;][\/vc_column][\/vc_row][vc_row full_width=&#8221;stretch_row&#8221; el_class=&#8221;overlay&#8221; css=&#8221;.vc_custom_1479480518446{background-image: url(http:\/\/dev.designcafe.net\/industry\/wp-content\/uploads\/2016\/11\/slide-bg.jpg?id=69) !important;}&#8221;][vc_column]<div style=\"color:#ffffff\" class=\"industry-cta-box industry-cta-box-1\">\n            <h3 style=\"color:#ffffff\">Zaujala v\u00e1s na\u0161a ponuka?<\/h3>\n            <div style=\"color:#ffffff\">\n                <p>Vyrie\u0161ime va\u0161e po\u017eiadavky, preto\u017ee \u017dijeme Aj T\u00ed<\/p>\n\n            <\/div>\n            <a href=\"https:\/\/www.joelservis.sk\/en\/kontakt\/\" class=\"industry-btn industry-cta-btn\">Kontaktujte n\u00e1s<\/a>\n        <\/div>[\/vc_column][\/vc_row]<\/p>\n<\/div>","protected":false},"excerpt":{"rendered":"<p>[vc_row css=&#8221;.vc_custom_1479479612209{padding-top: 100px !important;padding-bottom: 50px !important;}&#8221;][vc_column width=&#8221;3\/4&#8243; el_class=&#8221;border-right&#8221;][vc_single_image image=&#8221;915&#8243; img_size=&#8221;large&#8221;][vc_column_text] Bezpe\u010dnos\u0165 Chcete sa c\u00edti\u0165 bezpe\u010dne vo svojom dome, na pracovisku, na \u00farade, v\u0161ade kam chod\u00edte? Pon\u00fakame komplexn\u00e9 rie\u0161enie va\u0161ej bezpe\u010dnosti. Zabezpe\u010d\u00edme va\u0161e priestory pomocou alarmu, postr\u00e1\u017eime v\u00e1s pomocou kamerov\u00e9ho syst\u00e9mu, budeme dohliada\u0165 na va\u0161e objekty pomocou pultu centr\u00e1lnej ochrany s v\u00fdjazdovou jednotkou, va\u0161e auto bude [&hellip;]<\/p>\n","protected":false},"author":1,"featured_media":0,"parent":12,"menu_order":0,"comment_status":"closed","ping_status":"closed","template":"","meta":{"footnotes":""},"class_list":["post-622","page","type-page","status-publish","hentry"],"_links":{"self":[{"href":"https:\/\/www.joelservis.sk\/en\/wp-json\/wp\/v2\/pages\/622","targetHints":{"allow":["GET"]}}],"collection":[{"href":"https:\/\/www.joelservis.sk\/en\/wp-json\/wp\/v2\/pages"}],"about":[{"href":"https:\/\/www.joelservis.sk\/en\/wp-json\/wp\/v2\/types\/page"}],"author":[{"embeddable":true,"href":"https:\/\/www.joelservis.sk\/en\/wp-json\/wp\/v2\/users\/1"}],"replies":[{"embeddable":true,"href":"https:\/\/www.joelservis.sk\/en\/wp-json\/wp\/v2\/comments?post=622"}],"version-history":[{"count":13,"href":"https:\/\/www.joelservis.sk\/en\/wp-json\/wp\/v2\/pages\/622\/revisions"}],"predecessor-version":[{"id":917,"href":"https:\/\/www.joelservis.sk\/en\/wp-json\/wp\/v2\/pages\/622\/revisions\/917"}],"up":[{"embeddable":true,"href":"https:\/\/www.joelservis.sk\/en\/wp-json\/wp\/v2\/pages\/12"}],"wp:attachment":[{"href":"https:\/\/www.joelservis.sk\/en\/wp-json\/wp\/v2\/media?parent=622"}],"curies":[{"name":"wp","href":"https:\/\/api.w.org\/{rel}","templated":true}]}}