{"id":616,"date":"2016-11-22T10:09:43","date_gmt":"2016-11-22T10:09:43","guid":{"rendered":"http:\/\/dev.designcafe.net\/industry\/?page_id=616"},"modified":"2020-02-05T13:38:03","modified_gmt":"2020-02-05T12:38:03","slug":"financie","status":"publish","type":"page","link":"https:\/\/www.joelservis.sk\/en\/sluzby\/financie\/","title":{"rendered":"Financie"},"content":{"rendered":"<div class=\"wpb-content-wrapper\"><p>[vc_row css=&#8221;.vc_custom_1479479612209{padding-top: 100px !important;padding-bottom: 50px !important;}&#8221;][vc_column width=&#8221;3\/4&#8243; el_class=&#8221;border-right&#8221;][vc_single_image image=&#8221;920&#8243; img_size=&#8221;large&#8221;][vc_column_text]<\/p>\n<h2>Financovanie projektov<\/h2>\n<p>Chcete vynovi\u0165 IT infra\u0161trukt\u00faru a nem\u00e1te na to dos\u0165 prostriedkov?<\/p>\n<blockquote><p>N\u00e1jdem spolu rie\u0161enie na najvhodnej\u0161ie financovanie pre V\u00e1s.<\/p><\/blockquote>\n<p>Na\u0161e sk\u00fasenosti a kontakty iste ocen\u00edte.[\/vc_column_text][\/vc_column][vc_column width=&#8221;1\/4&#8243;][vc_wp_custommenu title=&#8221;Viac slu\u017eieb&#8221; nav_menu=&#8221;19&#8243; el_class=&#8221;service-menu&#8221;][\/vc_column][\/vc_row][vc_row full_width=&#8221;stretch_row&#8221; el_class=&#8221;overlay&#8221; css=&#8221;.vc_custom_1479480518446{background-image: url(http:\/\/dev.designcafe.net\/industry\/wp-content\/uploads\/2016\/11\/slide-bg.jpg?id=69) !important;}&#8221;][vc_column]<div style=\"color:#ffffff\" class=\"industry-cta-box industry-cta-box-1\">\n            <h3 style=\"color:#ffffff\">Kde na to vzia\u0165?<\/h3>\n            <div style=\"color:#ffffff\">\n                <p>M\u00e1me pre V\u00e1s n\u00e1pad<\/p>\n\n            <\/div>\n            <a href=\"https:\/\/www.joelservis.sk\/en\/kontakt\/\" class=\"industry-btn industry-cta-btn\">Ozvite sa<\/a>\n        <\/div>[\/vc_column][\/vc_row]<\/p>\n<\/div>","protected":false},"excerpt":{"rendered":"<p>[vc_row css=&#8221;.vc_custom_1479479612209{padding-top: 100px !important;padding-bottom: 50px !important;}&#8221;][vc_column width=&#8221;3\/4&#8243; el_class=&#8221;border-right&#8221;][vc_single_image image=&#8221;920&#8243; img_size=&#8221;large&#8221;][vc_column_text] Financovanie projektov Chcete vynovi\u0165 IT infra\u0161trukt\u00faru a nem\u00e1te na to dos\u0165 prostriedkov? N\u00e1jdem spolu rie\u0161enie na najvhodnej\u0161ie financovanie pre V\u00e1s. Na\u0161e sk\u00fasenosti a kontakty iste ocen\u00edte.[\/vc_column_text][\/vc_column][vc_column width=&#8221;1\/4&#8243;][vc_wp_custommenu title=&#8221;Viac slu\u017eieb&#8221; nav_menu=&#8221;19&#8243; el_class=&#8221;service-menu&#8221;][\/vc_column][\/vc_row][vc_row full_width=&#8221;stretch_row&#8221; el_class=&#8221;overlay&#8221; css=&#8221;.vc_custom_1479480518446{background-image: url(http:\/\/dev.designcafe.net\/industry\/wp-content\/uploads\/2016\/11\/slide-bg.jpg?id=69) !important;}&#8221;][vc_column][\/vc_column][\/vc_row]<\/p>\n","protected":false},"author":1,"featured_media":0,"parent":12,"menu_order":0,"comment_status":"closed","ping_status":"closed","template":"","meta":{"footnotes":""},"class_list":["post-616","page","type-page","status-publish","hentry"],"_links":{"self":[{"href":"https:\/\/www.joelservis.sk\/en\/wp-json\/wp\/v2\/pages\/616","targetHints":{"allow":["GET"]}}],"collection":[{"href":"https:\/\/www.joelservis.sk\/en\/wp-json\/wp\/v2\/pages"}],"about":[{"href":"https:\/\/www.joelservis.sk\/en\/wp-json\/wp\/v2\/types\/page"}],"author":[{"embeddable":true,"href":"https:\/\/www.joelservis.sk\/en\/wp-json\/wp\/v2\/users\/1"}],"replies":[{"embeddable":true,"href":"https:\/\/www.joelservis.sk\/en\/wp-json\/wp\/v2\/comments?post=616"}],"version-history":[{"count":3,"href":"https:\/\/www.joelservis.sk\/en\/wp-json\/wp\/v2\/pages\/616\/revisions"}],"predecessor-version":[{"id":936,"href":"https:\/\/www.joelservis.sk\/en\/wp-json\/wp\/v2\/pages\/616\/revisions\/936"}],"up":[{"embeddable":true,"href":"https:\/\/www.joelservis.sk\/en\/wp-json\/wp\/v2\/pages\/12"}],"wp:attachment":[{"href":"https:\/\/www.joelservis.sk\/en\/wp-json\/wp\/v2\/media?parent=616"}],"curies":[{"name":"wp","href":"https:\/\/api.w.org\/{rel}","templated":true}]}}