{"id":614,"date":"2016-11-22T10:05:56","date_gmt":"2016-11-22T10:05:56","guid":{"rendered":"http:\/\/dev.designcafe.net\/industry\/?page_id=614"},"modified":"2020-02-05T13:33:03","modified_gmt":"2020-02-05T12:33:03","slug":"programovanie","status":"publish","type":"page","link":"https:\/\/www.joelservis.sk\/en\/sluzby\/programovanie\/","title":{"rendered":"Programovanie"},"content":{"rendered":"<div class=\"wpb-content-wrapper\"><p>[vc_row css=&#8221;.vc_custom_1479479612209{padding-top: 100px !important;padding-bottom: 50px !important;}&#8221;][vc_column width=&#8221;3\/4&#8243; el_class=&#8221;border-right&#8221;][vc_single_image image=&#8221;929&#8243; img_size=&#8221;large&#8221;][vc_column_text]<\/p>\n<h2>Tvorba web str\u00e1nok a programov na mieru<\/h2>\n<p>Na\u0161i sk\u00fasen\u00ed dizajn\u00e9ri a program\u00e1tori navrhn\u00fa a o\u017eivia web str\u00e1nku pod\u013ea Va\u0161ich predst\u00e1v.<\/p>\n<blockquote><p>Mal\u00e9 \u010di ve\u013ek\u00e9 projekty hravo zvl\u00e1dneme.<\/p><\/blockquote>\n<p>Porad\u00edme si s ka\u017ed\u00fdm probl\u00e9mom.<\/p>\n<blockquote><p>Eshop bude Va\u0161ou silnou str\u00e1nkou.<\/p><\/blockquote>\n<p>Chcete ma\u0165 program pod\u013ea vlastn\u00fdch predst\u00e1v? Pom\u00f4\u017eeme V\u00e1m.<\/p>\n<p>[\/vc_column_text][\/vc_column][vc_column width=&#8221;1\/4&#8243;][vc_wp_custommenu title=&#8221;Viac slu\u017eieb&#8221; nav_menu=&#8221;19&#8243; el_class=&#8221;service-menu&#8221;][\/vc_column][\/vc_row][vc_row full_width=&#8221;stretch_row&#8221; el_class=&#8221;overlay&#8221; css=&#8221;.vc_custom_1479480518446{background-image: url(http:\/\/dev.designcafe.net\/industry\/wp-content\/uploads\/2016\/11\/slide-bg.jpg?id=69) !important;}&#8221;][vc_column]<div style=\"color:#ffffff\" class=\"industry-cta-box industry-cta-box-1\">\n            <h3 style=\"color:#ffffff\">Ste pripraven\u00ed?<\/h3>\n            <div style=\"color:#ffffff\">\n                <p>My \u00e1no<\/p>\n\n            <\/div>\n            <a href=\"https:\/\/www.joelservis.sk\/en\/kontakt\/\" class=\"industry-btn industry-cta-btn\">Kontaktujte n\u00e1s<\/a>\n        <\/div>[\/vc_column][\/vc_row]<\/p>\n<\/div>","protected":false},"excerpt":{"rendered":"<p>[vc_row css=&#8221;.vc_custom_1479479612209{padding-top: 100px !important;padding-bottom: 50px !important;}&#8221;][vc_column width=&#8221;3\/4&#8243; el_class=&#8221;border-right&#8221;][vc_single_image image=&#8221;929&#8243; img_size=&#8221;large&#8221;][vc_column_text] Tvorba web str\u00e1nok a programov na mieru Na\u0161i sk\u00fasen\u00ed dizajn\u00e9ri a program\u00e1tori navrhn\u00fa a o\u017eivia web str\u00e1nku pod\u013ea Va\u0161ich predst\u00e1v. Mal\u00e9 \u010di ve\u013ek\u00e9 projekty hravo zvl\u00e1dneme. Porad\u00edme si s ka\u017ed\u00fdm probl\u00e9mom. Eshop bude Va\u0161ou silnou str\u00e1nkou. Chcete ma\u0165 program pod\u013ea vlastn\u00fdch predst\u00e1v? Pom\u00f4\u017eeme V\u00e1m. [\/vc_column_text][\/vc_column][vc_column [&hellip;]<\/p>\n","protected":false},"author":1,"featured_media":432,"parent":12,"menu_order":0,"comment_status":"closed","ping_status":"closed","template":"","meta":{"footnotes":""},"class_list":["post-614","page","type-page","status-publish","has-post-thumbnail","hentry"],"_links":{"self":[{"href":"https:\/\/www.joelservis.sk\/en\/wp-json\/wp\/v2\/pages\/614","targetHints":{"allow":["GET"]}}],"collection":[{"href":"https:\/\/www.joelservis.sk\/en\/wp-json\/wp\/v2\/pages"}],"about":[{"href":"https:\/\/www.joelservis.sk\/en\/wp-json\/wp\/v2\/types\/page"}],"author":[{"embeddable":true,"href":"https:\/\/www.joelservis.sk\/en\/wp-json\/wp\/v2\/users\/1"}],"replies":[{"embeddable":true,"href":"https:\/\/www.joelservis.sk\/en\/wp-json\/wp\/v2\/comments?post=614"}],"version-history":[{"count":4,"href":"https:\/\/www.joelservis.sk\/en\/wp-json\/wp\/v2\/pages\/614\/revisions"}],"predecessor-version":[{"id":930,"href":"https:\/\/www.joelservis.sk\/en\/wp-json\/wp\/v2\/pages\/614\/revisions\/930"}],"up":[{"embeddable":true,"href":"https:\/\/www.joelservis.sk\/en\/wp-json\/wp\/v2\/pages\/12"}],"wp:featuredmedia":[{"embeddable":true,"href":"https:\/\/www.joelservis.sk\/en\/wp-json\/"}],"wp:attachment":[{"href":"https:\/\/www.joelservis.sk\/en\/wp-json\/wp\/v2\/media?parent=614"}],"curies":[{"name":"wp","href":"https:\/\/api.w.org\/{rel}","templated":true}]}}