{"id":612,"date":"2016-11-22T09:55:52","date_gmt":"2016-11-22T09:55:52","guid":{"rendered":"http:\/\/dev.designcafe.net\/industry\/?page_id=612"},"modified":"2020-02-05T13:31:14","modified_gmt":"2020-02-05T12:31:14","slug":"elektroinstalacie","status":"publish","type":"page","link":"https:\/\/www.joelservis.sk\/en\/sluzby\/elektroinstalacie\/","title":{"rendered":"Elektroin\u0161tal\u00e1cie"},"content":{"rendered":"<div class=\"wpb-content-wrapper\"><p>[vc_row css=&#8221;.vc_custom_1479479612209{padding-top: 100px !important;padding-bottom: 50px !important;}&#8221;][vc_column width=&#8221;3\/4&#8243; el_class=&#8221;border-right&#8221;][vc_single_image image=&#8221;926&#8243; img_size=&#8221;large&#8221;][vc_column_text]Sme nabit\u00ed inergiou \ud83d\ude42 Na\u0161e sk\u00fasenosti a odborn\u00e9 znalosti siahaj\u00fa aj do silnopr\u00fadovej oblasti.<\/p>\n<blockquote><p>Sme schopn\u00ed zrealizova\u0165 aj n\u00e1ro\u010dnej\u0161ie elektroin\u0161tala\u010dn\u00e9 projekty vo v\u00fd\u0161kach, \u010di s\u0165a\u017een\u00fdch pracovn\u00fdch podmienkach.<\/p><\/blockquote>\n<p>Rozumn\u00e9 ceny a skvel\u00fd v\u00fdkon s\u00fa z\u00e1rukou spokojnosti.[\/vc_column_text][\/vc_column][vc_column width=&#8221;1\/4&#8243;][vc_wp_custommenu title=&#8221;Viac slu\u017eieb&#8221; nav_menu=&#8221;19&#8243; el_class=&#8221;service-menu&#8221;][\/vc_column][\/vc_row][vc_row full_width=&#8221;stretch_row&#8221; el_class=&#8221;overlay&#8221; css=&#8221;.vc_custom_1479480518446{background-image: url(http:\/\/dev.designcafe.net\/industry\/wp-content\/uploads\/2016\/11\/slide-bg.jpg?id=69) !important;}&#8221;][vc_column]<div style=\"color:#ffffff\" class=\"industry-cta-box industry-cta-box-1\">\n            <h3 style=\"color:#ffffff\">M\u00e1lo energie?<\/h3>\n            <div style=\"color:#ffffff\">\n                <p>My jej m\u00e1me dos\u0165<\/p>\n\n            <\/div>\n            <a href=\"https:\/\/www.joelservis.sk\/en\/kontakt\/\" class=\"industry-btn industry-cta-btn\">Ozvite sa<\/a>\n        <\/div>[\/vc_column][\/vc_row]<\/p>\n<\/div>","protected":false},"excerpt":{"rendered":"<p>[vc_row css=&#8221;.vc_custom_1479479612209{padding-top: 100px !important;padding-bottom: 50px !important;}&#8221;][vc_column width=&#8221;3\/4&#8243; el_class=&#8221;border-right&#8221;][vc_single_image image=&#8221;926&#8243; img_size=&#8221;large&#8221;][vc_column_text]Sme nabit\u00ed inergiou \ud83d\ude42 Na\u0161e sk\u00fasenosti a odborn\u00e9 znalosti siahaj\u00fa aj do silnopr\u00fadovej oblasti. Sme schopn\u00ed zrealizova\u0165 aj n\u00e1ro\u010dnej\u0161ie elektroin\u0161tala\u010dn\u00e9 projekty vo v\u00fd\u0161kach, \u010di s\u0165a\u017een\u00fdch pracovn\u00fdch podmienkach. Rozumn\u00e9 ceny a skvel\u00fd v\u00fdkon s\u00fa z\u00e1rukou spokojnosti.[\/vc_column_text][\/vc_column][vc_column width=&#8221;1\/4&#8243;][vc_wp_custommenu title=&#8221;Viac slu\u017eieb&#8221; nav_menu=&#8221;19&#8243; el_class=&#8221;service-menu&#8221;][\/vc_column][\/vc_row][vc_row full_width=&#8221;stretch_row&#8221; el_class=&#8221;overlay&#8221; css=&#8221;.vc_custom_1479480518446{background-image: url(http:\/\/dev.designcafe.net\/industry\/wp-content\/uploads\/2016\/11\/slide-bg.jpg?id=69) !important;}&#8221;][vc_column][\/vc_column][\/vc_row]<\/p>\n","protected":false},"author":1,"featured_media":0,"parent":12,"menu_order":0,"comment_status":"closed","ping_status":"closed","template":"","meta":{"footnotes":""},"class_list":["post-612","page","type-page","status-publish","hentry"],"_links":{"self":[{"href":"https:\/\/www.joelservis.sk\/en\/wp-json\/wp\/v2\/pages\/612","targetHints":{"allow":["GET"]}}],"collection":[{"href":"https:\/\/www.joelservis.sk\/en\/wp-json\/wp\/v2\/pages"}],"about":[{"href":"https:\/\/www.joelservis.sk\/en\/wp-json\/wp\/v2\/types\/page"}],"author":[{"embeddable":true,"href":"https:\/\/www.joelservis.sk\/en\/wp-json\/wp\/v2\/users\/1"}],"replies":[{"embeddable":true,"href":"https:\/\/www.joelservis.sk\/en\/wp-json\/wp\/v2\/comments?post=612"}],"version-history":[{"count":4,"href":"https:\/\/www.joelservis.sk\/en\/wp-json\/wp\/v2\/pages\/612\/revisions"}],"predecessor-version":[{"id":928,"href":"https:\/\/www.joelservis.sk\/en\/wp-json\/wp\/v2\/pages\/612\/revisions\/928"}],"up":[{"embeddable":true,"href":"https:\/\/www.joelservis.sk\/en\/wp-json\/wp\/v2\/pages\/12"}],"wp:attachment":[{"href":"https:\/\/www.joelservis.sk\/en\/wp-json\/wp\/v2\/media?parent=612"}],"curies":[{"name":"wp","href":"https:\/\/api.w.org\/{rel}","templated":true}]}}