{"id":604,"date":"2016-11-22T09:39:46","date_gmt":"2016-11-22T09:39:46","guid":{"rendered":"http:\/\/dev.designcafe.net\/industry\/?page_id=604"},"modified":"2020-03-02T08:44:11","modified_gmt":"2020-03-02T07:44:11","slug":"dochadzka","status":"publish","type":"page","link":"https:\/\/www.joelservis.sk\/en\/sluzby\/dochadzka\/","title":{"rendered":"Doch\u00e1dzka"},"content":{"rendered":"<div class=\"wpb-content-wrapper\"><p>[vc_row css=&#8221;.vc_custom_1479479612209{padding-top: 100px !important;padding-bottom: 50px !important;}&#8221;][vc_column width=&#8221;3\/4&#8243; el_class=&#8221;border-right&#8221;][vc_single_image image=&#8221;918&#8243; img_size=&#8221;large&#8221;][vc_column_text]<\/p>\n<h2>Doch\u00e1dzkov\u00e9 syst\u00e9my<\/h2>\n<p>Na\u0161a firma je partnerom poprednej svetovej spolo\u010dnosti Innovatrics, ktor\u00e1 je preborn\u00edkom na poli biometrie.<\/p>\n<blockquote><p>Nain\u0161talujeme V\u00e1m unik\u00e1tny doch\u00e1dzkov\u00fd syst\u00e9m, ktor\u00fd sp\u013a\u0148a aj pr\u00edsne GDPR krit\u00e9ri\u00e1 na ochranu osobn\u00fdch \u00fadajov v spojitosti s vyu\u017e\u00edvan\u00edm biometrick\u00fdch \u00fadajov.<\/p><\/blockquote>\n<p>U\u017e \u017eiadne fal\u0161ovanie doch\u00e1dzky, \u010di nepresnosti vo v\u00fdpo\u010dtoch, alebo problemy s r\u00e1tan\u00edm faj\u010diarskych prest\u00e1vok.<\/p>\n<blockquote><p>Nechajte sa zl\u00e1ka\u0165 jednoduchos\u0165ou a presnos\u0165ou t\u00fdchto doch\u00e1dzkov\u00fdch syst\u00e9mov.<\/p><\/blockquote>\n<p>[\/vc_column_text][\/vc_column][vc_column width=&#8221;1\/4&#8243;][vc_wp_custommenu title=&#8221;Viac slu\u017eieb&#8221; nav_menu=&#8221;19&#8243; el_class=&#8221;service-menu&#8221;][\/vc_column][\/vc_row][vc_row full_width=&#8221;stretch_row&#8221; el_class=&#8221;overlay&#8221; css=&#8221;.vc_custom_1479480518446{background-image: url(http:\/\/dev.designcafe.net\/industry\/wp-content\/uploads\/2016\/11\/slide-bg.jpg?id=69) !important;}&#8221;][vc_column]<div style=\"color:#ffffff\" class=\"industry-cta-box industry-cta-box-1\">\n            <h3 style=\"color:#ffffff\">Pre\u010do doch\u00e1dzka?<\/h3>\n            <div style=\"color:#ffffff\">\n                <p>Preto\u017ee ka\u017ed\u00e1 sekunda sa r\u00e1ta<\/p>\n\n            <\/div>\n            <a href=\"https:\/\/www.joelservis.sk\/en\/kontakt\/\" class=\"industry-btn industry-cta-btn\">Sme tu<\/a>\n        <\/div>[\/vc_column][\/vc_row]<\/p>\n<\/div>","protected":false},"excerpt":{"rendered":"<p>[vc_row css=&#8221;.vc_custom_1479479612209{padding-top: 100px !important;padding-bottom: 50px !important;}&#8221;][vc_column width=&#8221;3\/4&#8243; el_class=&#8221;border-right&#8221;][vc_single_image image=&#8221;918&#8243; img_size=&#8221;large&#8221;][vc_column_text] Doch\u00e1dzkov\u00e9 syst\u00e9my Na\u0161a firma je partnerom poprednej svetovej spolo\u010dnosti Innovatrics, ktor\u00e1 je preborn\u00edkom na poli biometrie. Nain\u0161talujeme V\u00e1m unik\u00e1tny doch\u00e1dzkov\u00fd syst\u00e9m, ktor\u00fd sp\u013a\u0148a aj pr\u00edsne GDPR krit\u00e9ri\u00e1 na ochranu osobn\u00fdch \u00fadajov v spojitosti s vyu\u017e\u00edvan\u00edm biometrick\u00fdch \u00fadajov. U\u017e \u017eiadne fal\u0161ovanie doch\u00e1dzky, \u010di nepresnosti vo v\u00fdpo\u010dtoch, [&hellip;]<\/p>\n","protected":false},"author":1,"featured_media":0,"parent":12,"menu_order":0,"comment_status":"closed","ping_status":"closed","template":"","meta":{"footnotes":""},"class_list":["post-604","page","type-page","status-publish","hentry"],"_links":{"self":[{"href":"https:\/\/www.joelservis.sk\/en\/wp-json\/wp\/v2\/pages\/604","targetHints":{"allow":["GET"]}}],"collection":[{"href":"https:\/\/www.joelservis.sk\/en\/wp-json\/wp\/v2\/pages"}],"about":[{"href":"https:\/\/www.joelservis.sk\/en\/wp-json\/wp\/v2\/types\/page"}],"author":[{"embeddable":true,"href":"https:\/\/www.joelservis.sk\/en\/wp-json\/wp\/v2\/users\/1"}],"replies":[{"embeddable":true,"href":"https:\/\/www.joelservis.sk\/en\/wp-json\/wp\/v2\/comments?post=604"}],"version-history":[{"count":5,"href":"https:\/\/www.joelservis.sk\/en\/wp-json\/wp\/v2\/pages\/604\/revisions"}],"predecessor-version":[{"id":994,"href":"https:\/\/www.joelservis.sk\/en\/wp-json\/wp\/v2\/pages\/604\/revisions\/994"}],"up":[{"embeddable":true,"href":"https:\/\/www.joelservis.sk\/en\/wp-json\/wp\/v2\/pages\/12"}],"wp:attachment":[{"href":"https:\/\/www.joelservis.sk\/en\/wp-json\/wp\/v2\/media?parent=604"}],"curies":[{"name":"wp","href":"https:\/\/api.w.org\/{rel}","templated":true}]}}