{"id":602,"date":"2016-11-22T09:38:29","date_gmt":"2016-11-22T09:38:29","guid":{"rendered":"http:\/\/dev.designcafe.net\/industry\/?page_id=602"},"modified":"2020-02-05T13:34:56","modified_gmt":"2020-02-05T12:34:56","slug":"poradenstvo","status":"publish","type":"page","link":"https:\/\/www.joelservis.sk\/en\/sluzby\/poradenstvo\/","title":{"rendered":"Poradenstvo"},"content":{"rendered":"<div class=\"wpb-content-wrapper\"><p>[vc_row css=&#8221;.vc_custom_1479479612209{padding-top: 100px !important;padding-bottom: 50px !important;}&#8221;][vc_column width=&#8221;3\/4&#8243; el_class=&#8221;border-right&#8221;][vc_single_image image=&#8221;931&#8243; img_size=&#8221;large&#8221;][vc_column_text]<\/p>\n<h2>Poradensk\u00e9 slu\u017eby<\/h2>\n<p>Chcete radu oh\u013eadom nov\u00e9ho pc, alebo rie\u0161ite nejak\u00fd IT probl\u00e9m, pr\u00edpadne chcete protiponuku na nejak\u00fd produkt \u010di slu\u017ebu?<\/p>\n<blockquote><p>U n\u00e1s ste na spr\u00e1vnej adrese.<\/p><\/blockquote>\n<p>Sk\u00fasenosti, ktor\u00e9 m\u00e1me, vieme pretavi\u0165 do skvel\u00fdch n\u00e1padov, sktor\u00fdmi budete spokojn\u00ed.[\/vc_column_text][\/vc_column][vc_column width=&#8221;1\/4&#8243;][vc_wp_custommenu title=&#8221;Viac slu\u017eieb&#8221; nav_menu=&#8221;19&#8243; el_class=&#8221;service-menu&#8221;][\/vc_column][\/vc_row][vc_row full_width=&#8221;stretch_row&#8221; el_class=&#8221;overlay&#8221; css=&#8221;.vc_custom_1479480518446{background-image: url(http:\/\/dev.designcafe.net\/industry\/wp-content\/uploads\/2016\/11\/slide-bg.jpg?id=69) !important;}&#8221;][vc_column]<div style=\"color:#ffffff\" class=\"industry-cta-box industry-cta-box-1\">\n            <h3 style=\"color:#ffffff\">Chcete radu?<\/h3>\n            <div style=\"color:#ffffff\">\n                <p>Ozvite sa n\u00e1m<\/p>\n\n            <\/div>\n            <a href=\"https:\/\/www.joelservis.sk\/en\/kontakt\/\" class=\"industry-btn industry-cta-btn\">Tu sme<\/a>\n        <\/div>[\/vc_column][\/vc_row]<\/p>\n<\/div>","protected":false},"excerpt":{"rendered":"<p>[vc_row css=&#8221;.vc_custom_1479479612209{padding-top: 100px !important;padding-bottom: 50px !important;}&#8221;][vc_column width=&#8221;3\/4&#8243; el_class=&#8221;border-right&#8221;][vc_single_image image=&#8221;931&#8243; img_size=&#8221;large&#8221;][vc_column_text] Poradensk\u00e9 slu\u017eby Chcete radu oh\u013eadom nov\u00e9ho pc, alebo rie\u0161ite nejak\u00fd IT probl\u00e9m, pr\u00edpadne chcete protiponuku na nejak\u00fd produkt \u010di slu\u017ebu? U n\u00e1s ste na spr\u00e1vnej adrese. Sk\u00fasenosti, ktor\u00e9 m\u00e1me, vieme pretavi\u0165 do skvel\u00fdch n\u00e1padov, sktor\u00fdmi budete spokojn\u00ed.[\/vc_column_text][\/vc_column][vc_column width=&#8221;1\/4&#8243;][vc_wp_custommenu title=&#8221;Viac slu\u017eieb&#8221; nav_menu=&#8221;19&#8243; el_class=&#8221;service-menu&#8221;][\/vc_column][\/vc_row][vc_row full_width=&#8221;stretch_row&#8221; el_class=&#8221;overlay&#8221; css=&#8221;.vc_custom_1479480518446{background-image: [&hellip;]<\/p>\n","protected":false},"author":1,"featured_media":0,"parent":12,"menu_order":0,"comment_status":"closed","ping_status":"closed","template":"","meta":{"footnotes":""},"class_list":["post-602","page","type-page","status-publish","hentry"],"_links":{"self":[{"href":"https:\/\/www.joelservis.sk\/en\/wp-json\/wp\/v2\/pages\/602","targetHints":{"allow":["GET"]}}],"collection":[{"href":"https:\/\/www.joelservis.sk\/en\/wp-json\/wp\/v2\/pages"}],"about":[{"href":"https:\/\/www.joelservis.sk\/en\/wp-json\/wp\/v2\/types\/page"}],"author":[{"embeddable":true,"href":"https:\/\/www.joelservis.sk\/en\/wp-json\/wp\/v2\/users\/1"}],"replies":[{"embeddable":true,"href":"https:\/\/www.joelservis.sk\/en\/wp-json\/wp\/v2\/comments?post=602"}],"version-history":[{"count":3,"href":"https:\/\/www.joelservis.sk\/en\/wp-json\/wp\/v2\/pages\/602\/revisions"}],"predecessor-version":[{"id":932,"href":"https:\/\/www.joelservis.sk\/en\/wp-json\/wp\/v2\/pages\/602\/revisions\/932"}],"up":[{"embeddable":true,"href":"https:\/\/www.joelservis.sk\/en\/wp-json\/wp\/v2\/pages\/12"}],"wp:attachment":[{"href":"https:\/\/www.joelservis.sk\/en\/wp-json\/wp\/v2\/media?parent=602"}],"curies":[{"name":"wp","href":"https:\/\/api.w.org\/{rel}","templated":true}]}}