{"id":599,"date":"2016-11-22T09:35:02","date_gmt":"2016-11-22T09:35:02","guid":{"rendered":"http:\/\/dev.designcafe.net\/industry\/?page_id=599"},"modified":"2020-02-05T13:28:04","modified_gmt":"2020-02-05T12:28:04","slug":"gdpr","status":"publish","type":"page","link":"https:\/\/www.joelservis.sk\/en\/sluzby\/gdpr\/","title":{"rendered":"GDPR"},"content":{"rendered":"<div class=\"wpb-content-wrapper\"><p>[vc_row css=&#8221;.vc_custom_1479479612209{padding-top: 100px !important;padding-bottom: 50px !important;}&#8221;][vc_column width=&#8221;3\/4&#8243; el_class=&#8221;border-right&#8221;][vc_single_image image=&#8221;924&#8243; img_size=&#8221;large&#8221;][vc_column_text]<\/p>\n<h2>GDPR &#8211; ochrana osobn\u00fdch \u00fadajov<\/h2>\n<p>Tento stra\u0161iak mnoh\u00fdch firiem n\u00e1s bav\u00ed.<\/p>\n<blockquote><p>Sme kvalitne pripraven\u00ed \u00fachr\u00e1ni\u0165 Va\u0161u firmu pred kr\u00e1de\u017eou osobn\u00fdch \u00fadajov.<\/p><\/blockquote>\n<p>Technologick\u00e9 rie\u0161enia, ktor\u00e9 pon\u00fakame, s\u00fa na svetovej \u00farovni, no nespravia vietor vo Va\u0161ej pe\u0148a\u017eenke.[\/vc_column_text][\/vc_column][vc_column width=&#8221;1\/4&#8243;][vc_wp_custommenu title=&#8221;Viac slu\u017eieb&#8221; nav_menu=&#8221;19&#8243; el_class=&#8221;service-menu&#8221;][\/vc_column][\/vc_row][vc_row full_width=&#8221;stretch_row&#8221; el_class=&#8221;overlay&#8221; css=&#8221;.vc_custom_1479480518446{background-image: url(http:\/\/dev.designcafe.net\/industry\/wp-content\/uploads\/2016\/11\/slide-bg.jpg?id=69) !important;}&#8221;][vc_column]<div style=\"color:#ffffff\" class=\"industry-cta-box industry-cta-box-1\">\n            <h3 style=\"color:#ffffff\">Chcete vedie\u0165 viac?<\/h3>\n            <div style=\"color:#ffffff\">\n                <p>Sme tu pre V\u00e1s<\/p>\n\n            <\/div>\n            <a href=\"https:\/\/www.joelservis.sk\/en\/kontakt\/\" class=\"industry-btn industry-cta-btn\">Ozvite sa<\/a>\n        <\/div>[\/vc_column][\/vc_row]<\/p>\n<\/div>","protected":false},"excerpt":{"rendered":"<p>[vc_row css=&#8221;.vc_custom_1479479612209{padding-top: 100px !important;padding-bottom: 50px !important;}&#8221;][vc_column width=&#8221;3\/4&#8243; el_class=&#8221;border-right&#8221;][vc_single_image image=&#8221;924&#8243; img_size=&#8221;large&#8221;][vc_column_text] GDPR &#8211; ochrana osobn\u00fdch \u00fadajov Tento stra\u0161iak mnoh\u00fdch firiem n\u00e1s bav\u00ed. Sme kvalitne pripraven\u00ed \u00fachr\u00e1ni\u0165 Va\u0161u firmu pred kr\u00e1de\u017eou osobn\u00fdch \u00fadajov. Technologick\u00e9 rie\u0161enia, ktor\u00e9 pon\u00fakame, s\u00fa na svetovej \u00farovni, no nespravia vietor vo Va\u0161ej pe\u0148a\u017eenke.[\/vc_column_text][\/vc_column][vc_column width=&#8221;1\/4&#8243;][vc_wp_custommenu title=&#8221;Viac slu\u017eieb&#8221; nav_menu=&#8221;19&#8243; el_class=&#8221;service-menu&#8221;][\/vc_column][\/vc_row][vc_row full_width=&#8221;stretch_row&#8221; el_class=&#8221;overlay&#8221; css=&#8221;.vc_custom_1479480518446{background-image: url(http:\/\/dev.designcafe.net\/industry\/wp-content\/uploads\/2016\/11\/slide-bg.jpg?id=69) !important;}&#8221;][vc_column][\/vc_column][\/vc_row]<\/p>\n","protected":false},"author":1,"featured_media":0,"parent":12,"menu_order":0,"comment_status":"closed","ping_status":"closed","template":"","meta":{"footnotes":""},"class_list":["post-599","page","type-page","status-publish","hentry"],"_links":{"self":[{"href":"https:\/\/www.joelservis.sk\/en\/wp-json\/wp\/v2\/pages\/599","targetHints":{"allow":["GET"]}}],"collection":[{"href":"https:\/\/www.joelservis.sk\/en\/wp-json\/wp\/v2\/pages"}],"about":[{"href":"https:\/\/www.joelservis.sk\/en\/wp-json\/wp\/v2\/types\/page"}],"author":[{"embeddable":true,"href":"https:\/\/www.joelservis.sk\/en\/wp-json\/wp\/v2\/users\/1"}],"replies":[{"embeddable":true,"href":"https:\/\/www.joelservis.sk\/en\/wp-json\/wp\/v2\/comments?post=599"}],"version-history":[{"count":3,"href":"https:\/\/www.joelservis.sk\/en\/wp-json\/wp\/v2\/pages\/599\/revisions"}],"predecessor-version":[{"id":925,"href":"https:\/\/www.joelservis.sk\/en\/wp-json\/wp\/v2\/pages\/599\/revisions\/925"}],"up":[{"embeddable":true,"href":"https:\/\/www.joelservis.sk\/en\/wp-json\/wp\/v2\/pages\/12"}],"wp:attachment":[{"href":"https:\/\/www.joelservis.sk\/en\/wp-json\/wp\/v2\/media?parent=599"}],"curies":[{"name":"wp","href":"https:\/\/api.w.org\/{rel}","templated":true}]}}