{"id":34,"date":"2016-11-17T13:23:26","date_gmt":"2016-11-17T13:23:26","guid":{"rendered":"http:\/\/dev.designcafe.net\/industry\/?page_id=34"},"modified":"2020-03-02T12:52:52","modified_gmt":"2020-03-02T11:52:52","slug":"home","status":"publish","type":"page","link":"https:\/\/www.joelservis.sk\/en\/","title":{"rendered":"Domov"},"content":{"rendered":"<div class=\"wpb-content-wrapper\"><p>[vc_row full_width=&#8221;stretch_row_content_no_spaces&#8221;][vc_column]\n    <script>\n        (function ($) {\n            \"use strict\";\n            jQuery(window).load(function(){\n                jQuery(\"#industry-slides-\").owlCarousel({\n                    items: 1,\n                    loop: true,\n                    autoplay: true,\n                    dots: true,\n                    nav: false,\n                    autoplayTimeout: 5000,\n                    animateIn: \"fadeIn\",\n                    animateOut: \"fadeOut\",\n                    touchDrag: false,\n                    mouseDrag: false\n                });\n\n                jQuery(\"#industry-slides-\").on(\"translate.owl.carousel\", function () {\n                    jQuery(this).find(\".owl-item .industry-slide-text > *\").removeClass(\"fadeInUp animated\").css(\"opacity\",\"0\");\n                });          \n                jQuery(\"#industry-slides-\").on(\"translated.owl.carousel\", function () {\n                    jQuery(this).find(\".owl-item.active .industry-slide-text > *\").addClass(\"fadeInUp animated\").css(\"opacity\",\"1\");\n                });\n\n            });\n        }(jQuery));\t\n    <\/script>\n    <div class=\"slider-preloader-wrap industry-slides-style-1\">\n        <div class=\"preloader-wrap\"><div class=\"preloader4\"><\/div><\/div>\n        <div class=\"industry-slides\" id=\"industry-slides-\">\n                <div style=\"background-image:url(https:\/\/www.joelservis.sk\/wp-content\/uploads\/2016\/11\/caspar-camille-rubin-7SDoly3FV_0-unsplash.jpg)\" class=\"single-industry-slide-item\" id=\"single-industry-slide-item-71\">\n                    <div class=\"industry-slide-table\">\n                        <div class=\"industry-slide-tablecell\">\n                            <div class=\"container\">\n                                <div class=\"row\">\n                                    <div class=\"col-md-6 col-sm-8 col-md-offset-3 col-sm-offset-2 text-center\">\n                                        <div class=\"industry-slide-text\">\n                                            <h2>we live it<\/h2>\n                                            <p>IT is oure world.<\/p>\n\n\n                                            <div class=\"industry-slide-buttons\"><a target=\"_self\" href=\"https:\/\/www.joelservis.sk\/en\/o-nas\/\" class=\"industry-btn filled-btn\">Viac info<\/a><a target=\"_self\" href=\"https:\/\/www.joelservis.sk\/en\/kontakt\/\" class=\"industry-btn bordered-btn\">Kontakt<\/a>\n                                            <\/div>\n                                        <\/div>\n                                    <\/div>\n                                <\/div>\n                            <\/div>\n                        <\/div>\n                    <\/div>\n                <\/div>\n                \n                <div style=\"background-image:url(https:\/\/www.joelservis.sk\/wp-content\/uploads\/2016\/11\/chris-ried-ieic5Tq8YMk-unsplash.jpg)\" class=\"single-industry-slide-item\" id=\"single-industry-slide-item-70\">\n                    <div class=\"industry-slide-table\">\n                        <div class=\"industry-slide-tablecell\">\n                            <div class=\"container\">\n                                <div class=\"row\">\n                                    <div class=\"col-md-6 col-sm-8 col-md-offset-3 col-sm-offset-2 text-center\">\n                                        <div class=\"industry-slide-text\">\n                                            <h2>zaru\u010den\u00e1 kvalita slu\u017eieb<\/h2>\n                                            <p>Tvor\u00edme rie\u0161enia na mieru.<\/p>\n\n\n                                            <div class=\"industry-slide-buttons\"><a target=\"_blank\" href=\"https:\/\/www.joelservis.sk\/en\/sluzby\/\" class=\"industry-btn bordered-btn\">Viac info<\/a><a target=\"_self\" href=\"https:\/\/www.joelservis.sk\/en\/kontakt\/\" class=\"industry-btn filled-btn\">Kontakt<\/a>\n                                            <\/div>\n                                        <\/div>\n                                    <\/div>\n                                <\/div>\n                            <\/div>\n                        <\/div>\n                    <\/div>\n                <\/div>\n                \n                <div style=\"background-image:url(https:\/\/www.joelservis.sk\/wp-content\/uploads\/2016\/11\/joshua-sortino-LqKhnDzSF-8-unsplash.jpg)\" class=\"single-industry-slide-item\" id=\"single-industry-slide-item-68\">\n                    <div class=\"industry-slide-table\">\n                        <div class=\"industry-slide-tablecell\">\n                            <div class=\"container\">\n                                <div class=\"row\">\n                                    <div class=\"col-md-6 col-sm-8 col-md-offset-3 col-sm-offset-2 text-center\">\n                                        <div class=\"industry-slide-text\">\n                                            <h2>v jednoduchosti je kr\u00e1sa<\/h2>\n                                            <p>I zlo\u017eit\u00e9 po\u017eiadavky maj\u00fa jednoduch\u00e9 rie\u0161enia.<\/p>\n\n\n                                            <div class=\"industry-slide-buttons\"><a target=\"_self\" href=\"https:\/\/www.joelservis.sk\/en\/kontakt\/\" class=\"industry-btn filled-btn\">Kontakt<\/a><a target=\"_self\" href=\"https:\/\/www.joelservis.sk\/en\/sluzby\/\" class=\"industry-btn bordered-btn\">Viac info<\/a>\n                                            <\/div>\n                                        <\/div>\n                                    <\/div>\n                                <\/div>\n                            <\/div>\n                        <\/div>\n                    <\/div>\n                <\/div>\n                <\/div> <\/div>[\/vc_column][\/vc_row][vc_row][vc_column]\n        <div class=\"industry-section-title\"><h2>\u010co aktu\u00e1lne rob\u00edme<\/h2><p>Na\u0161e sily aktu\u00e1lne venujeme predov\u0161etk\u00fdm t\u00fdmto projektom.<\/p>\n<\/div>[\/vc_column][\/vc_row][vc_row][vc_column width=&#8221;1\/4&#8243;]<div class=\"industry-service-box\">\n            <div class=\"industry-service-box-image\">\n                <div class=\"industry-service-img\" style=\"background-image:url(https:\/\/www.joelservis.sk\/wp-content\/uploads\/2019\/09\/nirzar-pangarkar-HbbHfXvb6Xw-unsplash-300x200.jpg)\"><\/div>\n                <a href=\"https:\/\/www.joelservis.sk\/en\/sluzby\/pocitacove-sluzby\/\" class=\"industry-service-hover\"><i class=\"fa fa-link\"><\/i><\/a>\n            <\/div>\n            <div class=\"industry-service-box-content\">\n                <h2>PO\u010c\u00cdTA\u010cOV\u00c9 SLU\u017dBY<\/h2>\n                <p>Spr\u00e1va po\u010d\u00edta\u010dov, serverov, siet\u00ed, predaj hw, sw<\/p>\n\n                <a class=\"industry-btn\" href=\"https:\/\/www.joelservis.sk\/en\/sluzby\/pocitacove-sluzby\/\">Read More<\/a>\n            <\/div>\n        <\/div>[\/vc_column][vc_column width=&#8221;1\/4&#8243;]<div class=\"industry-service-box\">\n            <div class=\"industry-service-box-image\">\n                <div class=\"industry-service-img\" style=\"background-image:url(https:\/\/www.joelservis.sk\/wp-content\/uploads\/2019\/09\/matthew-henry-fPxOowbR6ls-unsplash-300x200.jpg)\"><\/div>\n                <a href=\"https:\/\/www.joelservis.sk\/en\/sluzby\/bezpecnost\/\" class=\"industry-service-hover\"><i class=\"fa fa-link\"><\/i><\/a>\n            <\/div>\n            <div class=\"industry-service-box-content\">\n                <h2>BEZPE\u010cNOS\u0164<\/h2>\n                <p>Zabezpe\u010denie objektov kvalitn\u00fdm alarmov\u00fdm a kamerov\u00fdm syst\u00e9mom<\/p>\n\n                <a class=\"industry-btn\" href=\"https:\/\/www.joelservis.sk\/en\/sluzby\/bezpecnost\/\">Read More<\/a>\n            <\/div>\n        <\/div>[\/vc_column][vc_column width=&#8221;1\/4&#8243;]<div class=\"industry-service-box\">\n            <div class=\"industry-service-box-image\">\n                <div class=\"industry-service-img\" style=\"background-image:url(https:\/\/www.joelservis.sk\/wp-content\/uploads\/2019\/09\/israel-palacio-ImcUkZ72oUs-unsplash-300x200.jpg)\"><\/div>\n                <a href=\"https:\/\/www.joelservis.sk\/en\/sluzby\/elektroinstalacie\/\" class=\"industry-service-hover\"><i class=\"fa fa-link\"><\/i><\/a>\n            <\/div>\n            <div class=\"industry-service-box-content\">\n                <h2>ELEKTROIN\u0160TAL\u00c1CIE<\/h2>\n                <p>Kompletn\u00e9 elektroin\u0161tal\u00e1cie rod. domov, budov, priemyseln\u00fdch objektov.<\/p>\n\n                <a class=\"industry-btn\" href=\"https:\/\/www.joelservis.sk\/en\/sluzby\/elektroinstalacie\/\">Read More<\/a>\n            <\/div>\n        <\/div>[\/vc_column][vc_column width=&#8221;1\/4&#8243;]<div class=\"industry-service-box\">\n            <div class=\"industry-service-box-image\">\n                <div class=\"industry-service-img\" style=\"background-image:url(https:\/\/www.joelservis.sk\/wp-content\/uploads\/2019\/09\/caspar-camille-rubin-fPkvU7RDmCo-unsplash-300x200.jpg)\"><\/div>\n                <a href=\"https:\/\/www.joelservis.sk\/en\/sluzby\/programovanie\/\" class=\"industry-service-hover\"><i class=\"fa fa-link\"><\/i><\/a>\n            <\/div>\n            <div class=\"industry-service-box-content\">\n                <h2>PROGRAMOVANIE<\/h2>\n                <p>Web str\u00e1nky, datab\u00e1zy, softv\u00e9rov\u00e9 rie\u0161enia na mieru<\/p>\n\n                <a class=\"industry-btn\" href=\"https:\/\/www.joelservis.sk\/en\/sluzby\/programovanie\/\">Read More<\/a>\n            <\/div>\n        <\/div>[\/vc_column][\/vc_row][vc_row full_width=&#8221;stretch_row_content_no_spaces&#8221;][vc_column]<div class=\"industry-tabbed-section\">\n            <div class=\"tabbed-section-bg\" style=\"background-image:url(https:\/\/www.joelservis.sk\/wp-content\/uploads\/2019\/09\/fotis-fotopoulos-LJ9KY8pIH3E-unsplash.jpg)\">\n                <div class=\"tabbed-section-title\">\n                    <h3>Na\u0161a firma<\/h3>\n                    <p>Sme super partia \u00edte\u010dk\u00e1rov, ktor\u00ed maj\u00fa svoju pr\u00e1cu ako hobby ?<\/p>\n\n                <\/div>            \n            <\/div>\n            <div class=\"container\">\n                <div class=\"row\">\n                    <div class=\"col-sm-8 col-sm-offset-4\">\n                        <div class=\"tabbed-section-tabs\"><div class=\"tab-content\"><div role=\"tabpanel\" class=\"tab-pane fade in active\" id=\"\u010co-rob\u00edme-1\">\n                                        <h3>\u010co rob\u00edme<\/h3>\n                                        <p>Rob\u00edme veci, ktor\u00e9 n\u00e1s bavia - star\u00e1me sa o va\u0161e servre, po\u010d\u00edta\u010de, siete, tla\u010diarne ...<\/p>\n\n                                    <\/div><div role=\"tabpanel\" class=\"tab-pane fade \" id=\"Ako-to-rob\u00edme-2\">\n                                        <h3>Ako to rob\u00edme<\/h3>\n                                        <p>Na\u0161ej pr\u00e1ci sa venujeme pln\u00fdm nasaden\u00edm. Ka\u017ed\u00e1 po\u017eiadavka je zaznamenan\u00e1 a rie\u0161en\u00e1 a\u017e do \u00fapln\u00e9ho konca ku va\u0161ej spokojnosti.<\/p>\n\n                                    <\/div><div role=\"tabpanel\" class=\"tab-pane fade \" id=\"Na\u0161a-misia-3\">\n                                        <h3>Na\u0161a misia<\/h3>\n                                        <p>Prinies\u0165 nov\u00fd poh\u013ead do spr\u00e1vy IT tak pre firemn\u00fdch, ako aj dom\u00e1cich u\u017e\u00edvate\u013eov.<\/p>\n\n                                    <\/div><\/div><ul class=\"tabbed-section-menu\" role=\"tablist\"><li role=\"presentation\" class=\"active\"><a href=\"#\u010co-rob\u00edme-1\" aria-controls=\"\u010co-rob\u00edme-1\" role=\"tab\" data-toggle=\"tab\">\u010co rob\u00edme<\/a><\/li><li role=\"presentation\" class=\"\"><a href=\"#Ako-to-rob\u00edme-2\" aria-controls=\"Ako-to-rob\u00edme-2\" role=\"tab\" data-toggle=\"tab\">Ako to rob\u00edme<\/a><\/li><li role=\"presentation\" class=\"\"><a href=\"#Na\u0161a-misia-3\" aria-controls=\"Na\u0161a-misia-3\" role=\"tab\" data-toggle=\"tab\">Na\u0161a misia<\/a><\/li><\/ul><\/div>\n                    <\/div>\n                <\/div>\n            <\/div>\n        <\/div>[\/vc_column][\/vc_row][vc_row][vc_column]\n        <div class=\"industry-section-title\"><h2>Povedali o n\u00e1s<\/h2><p>Spokojn\u00ed klienti s\u00fa pre n\u00e1s prvorad\u00ed. Takto o n\u00e1s hovoria:<\/p>\n<\/div>[\/vc_column][\/vc_row][vc_row][vc_column]\n    <script>\n        (function ($) {\n            \"use strict\";\n        \n            jQuery(document).ready(function($){\n                $(\"#industry-testimonials-34917\").owlCarousel({\n                    loop: true,\n                    autoplay: false,\n                    dots: false,\n                    nav: true,\n                    margin: 30,\n                    loop:true,\n\n                    navText: [\"<i class='fa fa-angle-left'><\/i>\", \"<i class='fa fa-angle-right'><\/i>\"],\n                    autoplayTimeout: 5000,\n                    responsive:{\n                        0:{\n                            items:1\n                        },\n                        600:{\n                            items:2,\n                            center:false,\n                        },\n                        1000:{\n                            items: 3,\n                            center:true,\n                        }\n                    }\n                });\n\n            });\n            \n        }(jQuery));\t\n    <\/script>\n        <div class=\"industry-testimonials\" id=\"industry-testimonials-34917\">\n                <div class=\"single-testimonial-item\">\n                    <img decoding=\"async\" class=\"testimonial-author-photo\" src=\"https:\/\/www.joelservis.sk\/wp-content\/uploads\/2020\/02\/mirkav.jpg\" alt=\"\"\/>\n                    \n                    <div class=\"industry-testimonial-content\">\n                        <p>S firmou JOEL servis spolupracujeme u\u017e nieko\u013eko rokov. Zabezpe\u010duje n\u00e1m kompletn\u00fa IT starostlivos\u0165, takisto zastre\u0161uje oblas\u0165 GDPR, ako aj bezpe\u010dnostn\u00e9 syst\u00e9my.<br \/>\nPre na\u0161e zdravotn\u00edcke zariadenie je ve\u013emi d\u00f4le\u017eit\u00e1 perfektn\u00e1 funk\u010dnos\u0165 v\u0161etk\u00fdch IT syst\u00e9mov. Za komplexn\u00e9 rie\u0161enia v\u010fa\u010d\u00edme pr\u00e1ve firme JOEL servis.<\/p>\n\n                        \n                        <h3>Miriam V.<span>Konate\u013eka \/ Dent\u00e1lne centrum Limbov\u00e1<\/span><\/h3>\n                    <\/div>\n                <\/div>\n                \n                <div class=\"single-testimonial-item\">\n                    <img decoding=\"async\" class=\"testimonial-author-photo\" src=\"https:\/\/www.joelservis.sk\/wp-content\/uploads\/2020\/02\/regina-150x150.jpg\" alt=\"\"\/>\n                    \n                    <div class=\"industry-testimonial-content\">\n                        <p>Ak zh\u00e1\u0148ate niekoho spo\u013eahliv\u00e9ho na nastavenie, spojazdnenie a servisovanie V\u00e1\u0161ho osobn\u00e9ho PC, alebo firemn\u00fdch po\u010d\u00edta\u010dov a in\u00fdch vec\u00ed (mailove adresy, web str\u00e1nky, ...), m\u00f4\u017eem vrelo odporu\u010di\u0165 t\u00edm firmy JOEL servis, \u0161peci\u00e1lne p\u00e1na Jozefa Danka. Oslovili sme ho tie\u017e na odpor\u00fa\u010danie in\u00e9ho spokojn\u00e9ho klienta. Jeho profesion\u00e1lny pr\u00edstup, ochota a spo\u013eahlivos\u0165 s\u00fa ve\u013ek\u00fdm pr\u00ednosom a u\u013eah\u010den\u00edm na\u0161ej pr\u00e1ce. Tak\u017ee odporu\u010denie neklamalo, so slu\u017ebami firmy JOEL servis sme nadmieru spokojn\u00ed.<\/p>\n\n                        \n                        <h3>Regina K.<span>Konate\u013eka \/ FOX reality<\/span><\/h3>\n                    <\/div>\n                <\/div>\n                \n                <div class=\"single-testimonial-item\">\n                    <img decoding=\"async\" class=\"testimonial-author-photo\" src=\"https:\/\/www.joelservis.sk\/wp-content\/uploads\/2020\/02\/helenad-150x150.png\" alt=\"\"\/>\n                    \n                    <div class=\"industry-testimonial-content\">\n                        <p>Po\u010das celej spolupr\u00e1ce s firmou JOEL servis sme nemali \u017eiaden technick\u00fd probl\u00e9m, s ktor\u00fdm by si t\u00edm firmy JOEL servis nevedel poradi\u0165. V\u0161etko v\u017edy vyrie\u0161ia k na\u0161ej spokojnosti.<\/p>\n\n                        \n                        <h3>Helena Dz.<span>Finan\u010dn\u00e1 riadite\u013eka \/ DLH Slovakia<\/span><\/h3>\n                    <\/div>\n                <\/div>\n                <\/div>[\/vc_column][\/vc_row][vc_row full_width=&#8221;stretch_row&#8221; el_class=&#8221;overlay&#8221; css=&#8221;.vc_custom_1479433883054{background-image: url(http:\/\/dev.designcafe.net\/industry\/wp-content\/uploads\/2016\/11\/slide-bg.jpg?id=69) !important;background-position: center !important;background-repeat: no-repeat !important;background-size: cover !important;}&#8221;][vc_column]<div style=\"color:#ffffff\" class=\"industry-cta-box industry-cta-box-1\">\n            <h3 style=\"color:#ffffff\">Zaujali sme V\u00e1s?<\/h3>\n            <div style=\"color:#ffffff\">\n                <p>Radi V\u00e1m pom\u00f4\u017eeme<\/p>\n\n            <\/div>\n            <a href=\"https:\/\/www.joelservis.sk\/en\/kontakt\/\" class=\"industry-btn industry-cta-btn\">Kontaktujte n\u00e1s<\/a>\n        <\/div>[\/vc_column][\/vc_row][vc_row][vc_column width=&#8221;1\/4&#8243;][vc_empty_space height=&#8221;50px&#8221;][vc_column_text]<\/p>\n<h3>NA\u0160I PARTNERI<\/h3>\n<p>[\/vc_column_text][\/vc_column][vc_column width=&#8221;3\/4&#8243;]\n    <script>\n        (function ($) {\n            \"use strict\";\n            jQuery(document).ready(function($){\n                $(\"#industry-partner-logos-37545\").owlCarousel({\n                    loop: true,\n                    autoplay: true,\n                    dots: false,\n                    nav: false,\n                    margin: 30,\n                    navText: [\"<i class='fa fa-angle-left'><\/i>\", \"<i class='fa fa-angle-right'><\/i>\"],\n                    autoplayTimeout: 5000,\n                    responsive:{\n                        0:{\n                            items: 2,\n                        },\n                        600:{\n                            items: 3,\n                        },\n                        1000:{\n                            items: 5,\n                        }\n                    }\n                });\n\n            });\n        }(jQuery));\t\n    <\/script>\n                        <div class=\"industry-partner-logos\" id=\"industry-partner-logos-37545\"><img decoding=\"async\" src=\"https:\/\/www.joelservis.sk\/wp-content\/uploads\/2020\/02\/asbis-300x68.png\" alt=\"\"\/><img decoding=\"async\" src=\"https:\/\/www.joelservis.sk\/wp-content\/uploads\/2020\/02\/ed-300x144.png\" alt=\"\"\/><img decoding=\"async\" src=\"https:\/\/www.joelservis.sk\/wp-content\/uploads\/2020\/02\/eset-300x119.png\" alt=\"\"\/><img decoding=\"async\" src=\"https:\/\/www.joelservis.sk\/wp-content\/uploads\/2020\/02\/fingera-300x81.png\" alt=\"\"\/><img decoding=\"async\" src=\"https:\/\/www.joelservis.sk\/wp-content\/uploads\/2020\/02\/jablotron_logo-300x58.png\" alt=\"\"\/><img decoding=\"async\" src=\"https:\/\/www.joelservis.sk\/wp-content\/uploads\/2020\/02\/microsoft-300x134.png\" alt=\"\"\/><img decoding=\"async\" src=\"https:\/\/www.joelservis.sk\/wp-content\/uploads\/2020\/02\/Techdata-logo-300x71.png\" alt=\"\"\/><img decoding=\"async\" src=\"https:\/\/www.joelservis.sk\/wp-content\/uploads\/2020\/02\/innovatrics-300x109.png\" alt=\"\"\/>\n                            \n                        <\/div>[\/vc_column][\/vc_row]<\/p>\n<\/div>","protected":false},"excerpt":{"rendered":"<p>[vc_row full_width=&#8221;stretch_row_content_no_spaces&#8221;][vc_column][\/vc_column][\/vc_row][vc_row][vc_column][\/vc_column][\/vc_row][vc_row][vc_column width=&#8221;1\/4&#8243;][\/vc_column][vc_column width=&#8221;1\/4&#8243;][\/vc_column][vc_column width=&#8221;1\/4&#8243;][\/vc_column][vc_column width=&#8221;1\/4&#8243;][\/vc_column][\/vc_row][vc_row full_width=&#8221;stretch_row_content_no_spaces&#8221;][vc_column][\/vc_column][\/vc_row][vc_row][vc_column][\/vc_column][\/vc_row][vc_row][vc_column][\/vc_column][\/vc_row][vc_row full_width=&#8221;stretch_row&#8221; el_class=&#8221;overlay&#8221; css=&#8221;.vc_custom_1479433883054{background-image: url(http:\/\/dev.designcafe.net\/industry\/wp-content\/uploads\/2016\/11\/slide-bg.jpg?id=69) !important;background-position: center !important;background-repeat: no-repeat !important;background-size: cover !important;}&#8221;][vc_column][\/vc_column][\/vc_row][vc_row][vc_column width=&#8221;1\/4&#8243;][vc_empty_space height=&#8221;50px&#8221;][vc_column_text] NA\u0160I PARTNERI [\/vc_column_text][\/vc_column][vc_column width=&#8221;3\/4&#8243;][\/vc_column][\/vc_row]<\/p>\n","protected":false},"author":1,"featured_media":0,"parent":0,"menu_order":0,"comment_status":"closed","ping_status":"closed","template":"","meta":{"footnotes":""},"class_list":["post-34","page","type-page","status-publish","hentry"],"_links":{"self":[{"href":"https:\/\/www.joelservis.sk\/en\/wp-json\/wp\/v2\/pages\/34","targetHints":{"allow":["GET"]}}],"collection":[{"href":"https:\/\/www.joelservis.sk\/en\/wp-json\/wp\/v2\/pages"}],"about":[{"href":"https:\/\/www.joelservis.sk\/en\/wp-json\/wp\/v2\/types\/page"}],"author":[{"embeddable":true,"href":"https:\/\/www.joelservis.sk\/en\/wp-json\/wp\/v2\/users\/1"}],"replies":[{"embeddable":true,"href":"https:\/\/www.joelservis.sk\/en\/wp-json\/wp\/v2\/comments?post=34"}],"version-history":[{"count":25,"href":"https:\/\/www.joelservis.sk\/en\/wp-json\/wp\/v2\/pages\/34\/revisions"}],"predecessor-version":[{"id":1013,"href":"https:\/\/www.joelservis.sk\/en\/wp-json\/wp\/v2\/pages\/34\/revisions\/1013"}],"wp:attachment":[{"href":"https:\/\/www.joelservis.sk\/en\/wp-json\/wp\/v2\/media?parent=34"}],"curies":[{"name":"wp","href":"https:\/\/api.w.org\/{rel}","templated":true}]}}