{"id":20,"date":"2016-11-17T13:21:10","date_gmt":"2016-11-17T13:21:10","guid":{"rendered":"http:\/\/dev.designcafe.net\/industry\/?page_id=20"},"modified":"2020-03-01T23:41:16","modified_gmt":"2020-03-01T22:41:16","slug":"kontakt","status":"publish","type":"page","link":"https:\/\/www.joelservis.sk\/en\/kontakt\/","title":{"rendered":"Kontakt"},"content":{"rendered":"<div class=\"wpb-content-wrapper\"><p>[vc_row full_width=&#8221;stretch_row_content_no_spaces&#8221;][vc_column][vc_gmaps link=&#8221;#E-8_JTNDaWZyYW1lJTIwc3JjJTNEJTIyaHR0cHMlM0ElMkYlMkZ3d3cuZ29vZ2xlLmNvbSUyRm1hcHMlMkZlbWJlZCUzRnBiJTNEJTIxMW0xOCUyMTFtMTIlMjExbTMlMjExZDI2NDEuMzM3NzEyMDg2MzIzJTIxMmQxNy41ODAzNTc4OTIwNzk2OTMlMjEzZDQ4LjU0NTkyMjY5NTU5OTY2NCUyMTJtMyUyMTFmMCUyMTJmMCUyMTNmMCUyMTNtMiUyMTFpMTAyNCUyMTJpNzY4JTIxNGYxMy4xJTIxM20zJTIxMW0yJTIxMXMweDQ3NmNhOTJjYmE1Y2ViNjklMjUzQTB4Y2UyMDZmYzM1ZDM3ZGQ5NiUyMTJzSk9FTCUyNTIwc2VydmlzJTI1MjBzLnIuby4lMjE1ZTAlMjEzbTIlMjExc3NrJTIxMnNzayUyMTR2MTU3MzA3ODYxNTQ1MSUyMTVtMiUyMTFzc2slMjEyc3NrJTIyJTIwd2lkdGglM0QlMjI2MDAlMjIlMjBoZWlnaHQlM0QlMjI0NTAlMjIlMjBmcmFtZWJvcmRlciUzRCUyMjAlMjIlMjBzdHlsZSUzRCUyMmJvcmRlciUzQTAlM0IlMjIlMjBhbGxvd2Z1bGxzY3JlZW4lM0QlMjIlMjIlM0UlM0MlMkZpZnJhbWUlM0U=&#8221;][\/vc_column][\/vc_row][vc_row css=&#8221;.vc_custom_1479521103864{padding-bottom: 40px !important;}&#8221;][vc_column width=&#8221;5\/12&#8243; offset=&#8221;vc_col-lg-offset-1 vc_col-md-6&#8243;]\n        <div class=\"industry-section-title\"><h2>Po\u0161lite n\u00e1m spr\u00e1vu<\/h2><p>Ak v\u00e1s \u010doko\u013evek zauj\u00edma, radi v\u00e1m zodpovieme, \u010do bude v na\u0161ich znalostiach \ud83d\ude42<\/p>\n<\/div>[vc_column_text]\n<div class=\"wpcf7 no-js\" id=\"wpcf7-f4-o1\" lang=\"sk-SK\" dir=\"ltr\" data-wpcf7-id=\"4\">\n<div class=\"screen-reader-response\"><p role=\"status\" aria-live=\"polite\" aria-atomic=\"true\"><\/p> <ul><\/ul><\/div>\n<form action=\"\/en\/wp-json\/wp\/v2\/pages\/20#wpcf7-f4-o1\" method=\"post\" class=\"wpcf7-form init\" aria-label=\"Kontaktn\u00fd formul\u00e1r\" novalidate=\"novalidate\" data-status=\"init\">\n<fieldset class=\"hidden-fields-container\"><input type=\"hidden\" name=\"_wpcf7\" value=\"4\" \/><input type=\"hidden\" name=\"_wpcf7_version\" value=\"6.1.5\" \/><input type=\"hidden\" name=\"_wpcf7_locale\" value=\"sk_SK\" \/><input type=\"hidden\" name=\"_wpcf7_unit_tag\" value=\"wpcf7-f4-o1\" \/><input type=\"hidden\" name=\"_wpcf7_container_post\" value=\"0\" \/><input type=\"hidden\" name=\"_wpcf7_posted_data_hash\" value=\"\" \/>\n<\/fieldset>\n<p><label> Va\u0161e meno (povinn\u00e9)<br \/>\n<span class=\"wpcf7-form-control-wrap\" data-name=\"your-name\"><input size=\"40\" maxlength=\"400\" class=\"wpcf7-form-control wpcf7-text wpcf7-validates-as-required\" aria-required=\"true\" aria-invalid=\"false\" value=\"\" type=\"text\" name=\"your-name\" \/><\/span> <\/label>\n<\/p>\n<p><label> V\u00e1\u0161 email (povinn\u00e9)<br \/>\n<span class=\"wpcf7-form-control-wrap\" data-name=\"your-email\"><input size=\"40\" maxlength=\"400\" class=\"wpcf7-form-control wpcf7-email wpcf7-validates-as-required wpcf7-text wpcf7-validates-as-email\" aria-required=\"true\" aria-invalid=\"false\" value=\"\" type=\"email\" name=\"your-email\" \/><\/span> <\/label>\n<\/p>\n<p><label> Predmet<br \/>\n<span class=\"wpcf7-form-control-wrap\" data-name=\"your-subject\"><input size=\"40\" maxlength=\"400\" class=\"wpcf7-form-control wpcf7-text\" aria-invalid=\"false\" value=\"\" type=\"text\" name=\"your-subject\" \/><\/span> <\/label>\n<\/p>\n<p><label> Va\u0161a spr\u00e1va<br \/>\n<span class=\"wpcf7-form-control-wrap\" data-name=\"your-message\"><textarea cols=\"40\" rows=\"10\" maxlength=\"2000\" class=\"wpcf7-form-control wpcf7-textarea\" aria-invalid=\"false\" name=\"your-message\"><\/textarea><\/span> <\/label>\n<\/p>\n<p><label>Nap\u00ed\u0161 k\u00f3d:<br \/>\n<input type=\"hidden\" name=\"_wpcf7_captcha_challenge_captcha-778\" value=\"2968395279\" \/><img loading=\"lazy\" decoding=\"async\" class=\"wpcf7-form-control wpcf7-captchac wpcf7-captcha-captcha-778\" width=\"72\" height=\"24\" alt=\"captcha\" src=\"https:\/\/www.joelservis.sk\/wp-content\/uploads\/wpcf7_captcha\/2968395279.png\" \/><br \/>\n<span class=\"wpcf7-form-control-wrap\" data-name=\"captcha-778\"><input size=\"4\" maxlength=\"4\" class=\"wpcf7-form-control wpcf7-captchar\" autocomplete=\"off\" aria-invalid=\"false\" value=\"\" type=\"text\" name=\"captcha-778\" \/><\/span><br \/>\n<input class=\"wpcf7-form-control wpcf7-submit has-spinner\" type=\"submit\" value=\"Odo\u0161li\" \/><\/label>\n<\/p><div class=\"wpcf7-response-output\" aria-hidden=\"true\"><\/div>\n<\/form>\n<\/div>\n[\/vc_column_text][\/vc_column][vc_column width=&#8221;1\/3&#8243; offset=&#8221;vc_col-lg-offset-1 vc_col-md-offset-1 vc_col-sm-offset-3&#8243;]\n        <div class=\"industry-section-title\"><h2>Kontaktn\u00e9 inform\u00e1cie<\/h2><p>Zop\u00e1r info a kontaktov, aby ste s nami mohli \u013eah\u0161ie komunikova\u0165.<\/p>\n<\/div>[vc_column_text]<\/p>\n<h4>Pracovn\u00e1 doba<\/h4>\n<p>8:00 &#8211; 17:00 (Po-Pia)<\/p>\n<p>&nbsp;<\/p>\n<h4>Adresa<\/h4>\n<p>Dechtice 432<br \/>\n919 53 Dechtice<\/p>\n<p>&nbsp;<\/p>\n<h4>Mobil<\/h4>\n<p>+(421) 908 039 095<\/p>\n<p>&nbsp;<\/p>\n<h4>Email<\/h4>\n<p>servis@joelservis.sk[\/vc_column_text][\/vc_column][\/vc_row]<\/p>\n<\/div>","protected":false},"excerpt":{"rendered":"<p>[vc_row full_width=&#8221;stretch_row_content_no_spaces&#8221;][vc_column][vc_gmaps link=&#8221;#E-8_JTNDaWZyYW1lJTIwc3JjJTNEJTIyaHR0cHMlM0ElMkYlMkZ3d3cuZ29vZ2xlLmNvbSUyRm1hcHMlMkZlbWJlZCUzRnBiJTNEJTIxMW0xOCUyMTFtMTIlMjExbTMlMjExZDI2NDEuMzM3NzEyMDg2MzIzJTIxMmQxNy41ODAzNTc4OTIwNzk2OTMlMjEzZDQ4LjU0NTkyMjY5NTU5OTY2NCUyMTJtMyUyMTFmMCUyMTJmMCUyMTNmMCUyMTNtMiUyMTFpMTAyNCUyMTJpNzY4JTIxNGYxMy4xJTIxM20zJTIxMW0yJTIxMXMweDQ3NmNhOTJjYmE1Y2ViNjklMjUzQTB4Y2UyMDZmYzM1ZDM3ZGQ5NiUyMTJzSk9FTCUyNTIwc2VydmlzJTI1MjBzLnIuby4lMjE1ZTAlMjEzbTIlMjExc3NrJTIxMnNzayUyMTR2MTU3MzA3ODYxNTQ1MSUyMTVtMiUyMTFzc2slMjEyc3NrJTIyJTIwd2lkdGglM0QlMjI2MDAlMjIlMjBoZWlnaHQlM0QlMjI0NTAlMjIlMjBmcmFtZWJvcmRlciUzRCUyMjAlMjIlMjBzdHlsZSUzRCUyMmJvcmRlciUzQTAlM0IlMjIlMjBhbGxvd2Z1bGxzY3JlZW4lM0QlMjIlMjIlM0UlM0MlMkZpZnJhbWUlM0U=&#8221;][\/vc_column][\/vc_row][vc_row css=&#8221;.vc_custom_1479521103864{padding-bottom: 40px !important;}&#8221;][vc_column width=&#8221;5\/12&#8243; offset=&#8221;vc_col-lg-offset-1 vc_col-md-6&#8243;][vc_column_text][\/vc_column_text][\/vc_column][vc_column width=&#8221;1\/3&#8243; offset=&#8221;vc_col-lg-offset-1 vc_col-md-offset-1 vc_col-sm-offset-3&#8243;][vc_column_text] Pracovn\u00e1 doba 8:00 &#8211; 17:00 (Po-Pia) &nbsp; Adresa Dechtice 432 919 53 Dechtice &nbsp; Mobil +(421) 908 039 095 &nbsp; Email servis@joelservis.sk[\/vc_column_text][\/vc_column][\/vc_row]<\/p>\n","protected":false},"author":1,"featured_media":0,"parent":0,"menu_order":0,"comment_status":"closed","ping_status":"closed","template":"","meta":{"footnotes":""},"class_list":["post-20","page","type-page","status-publish","hentry"],"_links":{"self":[{"href":"https:\/\/www.joelservis.sk\/en\/wp-json\/wp\/v2\/pages\/20","targetHints":{"allow":["GET"]}}],"collection":[{"href":"https:\/\/www.joelservis.sk\/en\/wp-json\/wp\/v2\/pages"}],"about":[{"href":"https:\/\/www.joelservis.sk\/en\/wp-json\/wp\/v2\/types\/page"}],"author":[{"embeddable":true,"href":"https:\/\/www.joelservis.sk\/en\/wp-json\/wp\/v2\/users\/1"}],"replies":[{"embeddable":true,"href":"https:\/\/www.joelservis.sk\/en\/wp-json\/wp\/v2\/comments?post=20"}],"version-history":[{"count":5,"href":"https:\/\/www.joelservis.sk\/en\/wp-json\/wp\/v2\/pages\/20\/revisions"}],"predecessor-version":[{"id":873,"href":"https:\/\/www.joelservis.sk\/en\/wp-json\/wp\/v2\/pages\/20\/revisions\/873"}],"wp:attachment":[{"href":"https:\/\/www.joelservis.sk\/en\/wp-json\/wp\/v2\/media?parent=20"}],"curies":[{"name":"wp","href":"https:\/\/api.w.org\/{rel}","templated":true}]}}