{"id":11,"date":"2016-11-17T13:09:34","date_gmt":"2016-11-17T13:09:34","guid":{"rendered":"http:\/\/dev.designcafe.net\/industry\/?page_id=8"},"modified":"2020-03-01T22:15:37","modified_gmt":"2020-03-01T21:15:37","slug":"o-nas","status":"publish","type":"page","link":"https:\/\/www.joelservis.sk\/en\/o-nas\/","title":{"rendered":"O n\u00e1s"},"content":{"rendered":"<div class=\"wpb-content-wrapper\"><p>[vc_row][vc_column width=&#8221;2\/3&#8243;][vc_empty_space height=&#8221;80px&#8221;][vc_column_text]<\/p>\n<h3>Nie\u010do o n\u00e1s<\/h3>\n<p>Hlavnou filozofiou na\u0161ej firmy je spr\u00e1va\u0165 sa vo\u010di na\u0161im z\u00e1kazn\u00edkom tak, ako aj ja o\u010dak\u00e1vam od in\u00fdch, aby sa spr\u00e1vali pri poskytovan\u00ed tovarov a slu\u017eieb. To znamen\u00e1 rie\u0161i\u0165 po\u017eiadavky na\u0161ich z\u00e1kazn\u00edkov tak, aby boli maxim\u00e1lne spokojn\u00ed s na\u0161ou vykonanou pr\u00e1cou a by\u0165 trpezliv\u00fd vo vysvet\u013eovan\u00ed i t\u00fdch najjednoduch\u0161\u00edch vec\u00ed.<\/p>\n<p>Ma\u0165 kvalitn\u00fd t\u00edm \u013eud\u00ed, ktor\u00ed s\u00fa odborn\u00edci vo svojej oblasti, je z\u00e1rukou kvalitn\u00fdch a profesion\u00e1lnych slu\u017eieb.[\/vc_column_text][\/vc_column][vc_column width=&#8221;1\/4&#8243; offset=&#8221;vc_col-lg-offset-1 vc_hidden-sm&#8221;][vc_empty_space][vc_single_image image=&#8221;861&#8243; img_size=&#8221;large&#8221; alignment=&#8221;right&#8221; el_class=&#8221;bordered-img&#8221;][\/vc_column][\/vc_row][vc_row full_width=&#8221;stretch_row_content_no_spaces&#8221;][vc_column]<div class=\"industry-tabbed-section\">\n            <div class=\"tabbed-section-bg\" style=\"background-image:url()\">\n                <div class=\"tabbed-section-title\">\n                    <h3>Na\u0161a firma<\/h3>\n                    <p>Sme super partia \u00edte\u010dk\u00e1rov, ktor\u00ed maj\u00fa svoju pr\u00e1cu ako hobby \ud83d\ude42<\/p>\n\n                <\/div>            \n            <\/div>\n            <div class=\"container\">\n                <div class=\"row\">\n                    <div class=\"col-sm-8 col-sm-offset-4\">\n                        <div class=\"tabbed-section-tabs\"><div class=\"tab-content\"><div role=\"tabpanel\" class=\"tab-pane fade in active\" id=\"\u010co-rob\u00edme-1\">\n                                        <h3>\u010co rob\u00edme<\/h3>\n                                        <p>Rob\u00edme veci, ktor\u00e9 n\u00e1s bavia - star\u00e1me sa o va\u0161e servre, po\u010d\u00edta\u010de, siete, tla\u010diarne ...<\/p>\n\n                                    <\/div><div role=\"tabpanel\" class=\"tab-pane fade \" id=\"Ako-to-rob\u00edme-2\">\n                                        <h3>Ako to rob\u00edme<\/h3>\n                                        <p>Na\u0161ej pr\u00e1ci sa venujeme pln\u00fdm nasaden\u00edm. Ka\u017ed\u00e1 po\u017eiadavka je zaznamenan\u00e1 a rie\u0161en\u00e1 a\u017e do \u00fapln\u00e9ho konca ku va\u0161ej spokojnosti.<\/p>\n\n                                    <\/div><div role=\"tabpanel\" class=\"tab-pane fade \" id=\"Na\u0161a-misia-3\">\n                                        <h3>Na\u0161a misia<\/h3>\n                                        <p>Prinies\u0165 nov\u00fd poh\u013ead do spr\u00e1vy IT tak pre firemn\u00fdch, ako aj dom\u00e1cich u\u017e\u00edvate\u013eov.<\/p>\n\n                                    <\/div><\/div><ul class=\"tabbed-section-menu\" role=\"tablist\"><li role=\"presentation\" class=\"active\"><a href=\"#\u010co-rob\u00edme-1\" aria-controls=\"\u010co-rob\u00edme-1\" role=\"tab\" data-toggle=\"tab\">\u010co rob\u00edme<\/a><\/li><li role=\"presentation\" class=\"\"><a href=\"#Ako-to-rob\u00edme-2\" aria-controls=\"Ako-to-rob\u00edme-2\" role=\"tab\" data-toggle=\"tab\">Ako to rob\u00edme<\/a><\/li><li role=\"presentation\" class=\"\"><a href=\"#Na\u0161a-misia-3\" aria-controls=\"Na\u0161a-misia-3\" role=\"tab\" data-toggle=\"tab\">Na\u0161a misia<\/a><\/li><\/ul><\/div>\n                    <\/div>\n                <\/div>\n            <\/div>\n        <\/div>[\/vc_column][\/vc_row][vc_row css=&#8221;.vc_custom_1479444492121{padding-top: 50px !important;}&#8221;][vc_column width=&#8221;1\/2&#8243;][vc_empty_space height=&#8221;100px&#8221;][vc_column_text]<\/p>\n<h3>Na\u0161a misia<\/h3>\n<p>Ktosi raz povedal &#8211; n\u00e1\u0161 z\u00e1kazn\u00edk, n\u00e1\u0161 p\u00e1n. Pre n\u00e1s je d\u00f4le\u017eit\u00e1 spokojnos\u0165 z\u00e1kazn\u00edkov. Ak s\u00fa z\u00e1kazn\u00edci spokojn\u00ed s na\u0161ou pr\u00e1cou, to je pre n\u00e1s zn\u00e1mka, \u017ee t\u00fato pr\u00e1cu vykon\u00e1vame spr\u00e1vne. Ak s\u00fa z\u00e1kazn\u00edci spokojn\u00ed, povedia o n\u00e1s aj svojim zn\u00e1mym a dobr\u00e9 meno na\u0161ej firmy sa takto \u0161\u00edri.[\/vc_column_text][\/vc_column][vc_column width=&#8221;5\/12&#8243; offset=&#8221;vc_col-lg-offset-1&#8243;]\n        <script>\n                jQuery(document).ready(function($){\n                    $(\".single-tile-gallery\").magnificPopup({\n                        type:\"image\",\n                        gallery: {\n                            enabled: true\n                        }\n                    });\n                    \n                    $(\".single-tile-gallery\").css(\"height\", \"450px\");\n    \n            \n            $(\".industry-tile-gallery-3 .single-tile-gallery-1, .industry-tile-gallery-3 .single-tile-gallery-3\").css(\"height\", \"220.5px\");\n            \n            $(\".industry-tile-gallery-3\").masonry({ \n                \n            });\n            \n               \n        \n         });\n            <\/script>\n        \n    <div class=\"industry-tile-gallery industry-tile-gallery-3\"><a href=\"https:\/\/www.joelservis.sk\/wp-content\/uploads\/2019\/09\/tyler-nix-1K1uKlYtRls-unsplash-683x1024.jpg\" class=\"single-tile-gallery single-tile-gallery-1\" style=\"background-image:url(https:\/\/www.joelservis.sk\/wp-content\/uploads\/2019\/09\/tyler-nix-1K1uKlYtRls-unsplash-683x1024.jpg)\"><i class=\"fa fa-plus\"><\/i><\/a><a href=\"https:\/\/www.joelservis.sk\/wp-content\/uploads\/2019\/09\/jordan-harrison-40XgDxBfYXM-unsplash.jpg\" class=\"single-tile-gallery single-tile-gallery-2\" style=\"background-image:url(https:\/\/www.joelservis.sk\/wp-content\/uploads\/2019\/09\/jordan-harrison-40XgDxBfYXM-unsplash.jpg)\"><i class=\"fa fa-plus\"><\/i><\/a><a href=\"https:\/\/www.joelservis.sk\/wp-content\/uploads\/2019\/09\/charles-pjAH2Ax4uWk-unsplash.jpg\" class=\"single-tile-gallery single-tile-gallery-3\" style=\"background-image:url(https:\/\/www.joelservis.sk\/wp-content\/uploads\/2019\/09\/charles-pjAH2Ax4uWk-unsplash.jpg)\"><i class=\"fa fa-plus\"><\/i><\/a><\/div>[\/vc_column][\/vc_row][vc_row full_width=&#8221;stretch_row&#8221; el_class=&#8221;overlay&#8221; css=&#8221;.vc_custom_1479438422497{background-image: url(http:\/\/dev.designcafe.net\/industry\/wp-content\/uploads\/2016\/11\/slide-bg.jpg?id=69) !important;}&#8221;][vc_column]<div style=\"color:#ffffff\" class=\"industry-cta-box industry-cta-box-1\">\n            <h3 style=\"color:#ffffff\">P\u00e1\u010di sa v\u00e1m na\u0161a firma?<\/h3>\n            <div style=\"color:#ffffff\">\n                <p>Sme pripraven\u00ed v\u00e1m pom\u00f4c\u0165<\/p>\n\n            <\/div>\n            <a href=\"https:\/\/www.joelservis.sk\/en\/kontakt\/\" class=\"industry-btn industry-cta-btn\">Kontaktujte n\u00e1s<\/a>\n        <\/div>[\/vc_column][\/vc_row][vc_row][vc_column]\n        <div class=\"industry-section-title\"><h2>N\u00e1\u0161 t\u00edm<\/h2><p>Va\u0161e po\u017eiadavky rie\u0161i tento super t\u00edm<\/p>\n<\/div>[\/vc_column][\/vc_row][vc_row][vc_column width=&#8221;1\/4&#8243;]<div class=\"industry-single-staff\">\r\n\r\n                        <div class=\"industry-staff-img\"><img decoding=\"async\" src=\"\" alt=\"Jozef\"><ul class=\"industry-staff-social-link\"><li><a href=\"https:\/\/www.facebook.com\/zuvackydenti\" target=\"_blank\"><i class=\"fa fa-facebook\"><\/i><\/a><\/li><li><a href=\"https:\/\/twitter.com\/jojeno\" target=\"_blank\"><i class=\"fa fa-twitter\"><\/i><\/a><\/li><li><a href=\"https:\/\/www.linkedin.com\/in\/jozef-danko-91a0443b\/\" target=\"_blank\"><i class=\"fa fa-linkedin\"><\/i><\/a><\/li><li><a href=\"https:\/\/plus.google.com\/+JozefDanko-JOELservis\" target=\"_blank\"><i class=\"fa fa-google-plus\"><\/i><\/a><\/li><\/ul>\r\n                        <\/div>\r\n                        <div class=\"industry-staff-detail\">\r\n                            <h4>Jozef<\/h4><span class=\"industry-staff-position\">CEO\/admin<\/span>\r\n                        <\/div>\r\n    <\/div>[\/vc_column][vc_column width=&#8221;1\/4&#8243;]<div class=\"industry-single-staff\">\r\n\r\n                        <div class=\"industry-staff-img\"><img decoding=\"async\" src=\"\" alt=\"Peter\"><ul class=\"industry-staff-social-link\"><li><a href=\"#\" target=\"_blank\"><i class=\"fa fa-facebook\"><\/i><\/a><\/li><li><a href=\"#\" target=\"_blank\"><i class=\"fa fa-twitter\"><\/i><\/a><\/li><li><a href=\"#\" target=\"_blank\"><i class=\"fa fa-linkedin\"><\/i><\/a><\/li><li><a href=\"#\" target=\"_blank\"><i class=\"fa fa-google-plus\"><\/i><\/a><\/li><li><a href=\"#\" target=\"_blank\"><i class=\"fa fa-pinterest-p\"><\/i><\/a><\/li><li><a href=\"#\" target=\"_blank\"><i class=\"fa fa-dribbble\"><\/i><\/a><\/li><\/ul>\r\n                        <\/div>\r\n                        <div class=\"industry-staff-detail\">\r\n                            <h4>Peter<\/h4><span class=\"industry-staff-position\">admin<\/span>\r\n                        <\/div>\r\n    <\/div>[\/vc_column][vc_column width=&#8221;1\/4&#8243;]<div class=\"industry-single-staff\">\r\n\r\n                        <div class=\"industry-staff-img\"><img decoding=\"async\" src=\"\" alt=\"Richard\"><ul class=\"industry-staff-social-link\"><li><a href=\"#\" target=\"_blank\"><i class=\"fa fa-facebook\"><\/i><\/a><\/li><li><a href=\"#\" target=\"_blank\"><i class=\"fa fa-twitter\"><\/i><\/a><\/li><li><a href=\"#\" target=\"_blank\"><i class=\"fa fa-linkedin\"><\/i><\/a><\/li><li><a href=\"#\" target=\"_blank\"><i class=\"fa fa-google-plus\"><\/i><\/a><\/li><li><a href=\"#\" target=\"_blank\"><i class=\"fa fa-pinterest-p\"><\/i><\/a><\/li><li><a href=\"#\" target=\"_blank\"><i class=\"fa fa-dribbble\"><\/i><\/a><\/li><\/ul>\r\n                        <\/div>\r\n                        <div class=\"industry-staff-detail\">\r\n                            <h4>Richard<\/h4><span class=\"industry-staff-position\">admin<\/span>\r\n                        <\/div>\r\n    <\/div>[\/vc_column][vc_column width=&#8221;1\/4&#8243;]<div class=\"industry-single-staff\">\r\n\r\n                        <div class=\"industry-staff-img\"><img decoding=\"async\" src=\"\" alt=\"Juraj\"><ul class=\"industry-staff-social-link\"><li><a href=\"#\" target=\"_blank\"><i class=\"fa fa-facebook\"><\/i><\/a><\/li><li><a href=\"#\" target=\"_blank\"><i class=\"fa fa-twitter\"><\/i><\/a><\/li><li><a href=\"#\" target=\"_blank\"><i class=\"fa fa-linkedin\"><\/i><\/a><\/li><li><a href=\"#\" target=\"_blank\"><i class=\"fa fa-google-plus\"><\/i><\/a><\/li><li><a href=\"#\" target=\"_blank\"><i class=\"fa fa-pinterest-p\"><\/i><\/a><\/li><li><a href=\"#\" target=\"_blank\"><i class=\"fa fa-dribbble\"><\/i><\/a><\/li><\/ul>\r\n                        <\/div>\r\n                        <div class=\"industry-staff-detail\">\r\n                            <h4>Juraj<\/h4><span class=\"industry-staff-position\">sale<\/span>\r\n                        <\/div>\r\n    <\/div>[\/vc_column][\/vc_row]<\/p>\n<\/div>","protected":false},"excerpt":{"rendered":"<p>[vc_row][vc_column width=&#8221;2\/3&#8243;][vc_empty_space height=&#8221;80px&#8221;][vc_column_text] Nie\u010do o n\u00e1s Hlavnou filozofiou na\u0161ej firmy je spr\u00e1va\u0165 sa vo\u010di na\u0161im z\u00e1kazn\u00edkom tak, ako aj ja o\u010dak\u00e1vam od in\u00fdch, aby sa spr\u00e1vali pri poskytovan\u00ed tovarov a slu\u017eieb. To znamen\u00e1 rie\u0161i\u0165 po\u017eiadavky na\u0161ich z\u00e1kazn\u00edkov tak, aby boli maxim\u00e1lne spokojn\u00ed s na\u0161ou vykonanou pr\u00e1cou a by\u0165 trpezliv\u00fd vo vysvet\u013eovan\u00ed i t\u00fdch najjednoduch\u0161\u00edch vec\u00ed. [&hellip;]<\/p>\n","protected":false},"author":1,"featured_media":0,"parent":0,"menu_order":0,"comment_status":"closed","ping_status":"closed","template":"","meta":{"footnotes":""},"class_list":["post-11","page","type-page","status-publish","hentry"],"_links":{"self":[{"href":"https:\/\/www.joelservis.sk\/en\/wp-json\/wp\/v2\/pages\/11","targetHints":{"allow":["GET"]}}],"collection":[{"href":"https:\/\/www.joelservis.sk\/en\/wp-json\/wp\/v2\/pages"}],"about":[{"href":"https:\/\/www.joelservis.sk\/en\/wp-json\/wp\/v2\/types\/page"}],"author":[{"embeddable":true,"href":"https:\/\/www.joelservis.sk\/en\/wp-json\/wp\/v2\/users\/1"}],"replies":[{"embeddable":true,"href":"https:\/\/www.joelservis.sk\/en\/wp-json\/wp\/v2\/comments?post=11"}],"version-history":[{"count":13,"href":"https:\/\/www.joelservis.sk\/en\/wp-json\/wp\/v2\/pages\/11\/revisions"}],"predecessor-version":[{"id":986,"href":"https:\/\/www.joelservis.sk\/en\/wp-json\/wp\/v2\/pages\/11\/revisions\/986"}],"wp:attachment":[{"href":"https:\/\/www.joelservis.sk\/en\/wp-json\/wp\/v2\/media?parent=11"}],"curies":[{"name":"wp","href":"https:\/\/api.w.org\/{rel}","templated":true}]}}