{"id":1000,"date":"2020-03-02T11:52:40","date_gmt":"2020-03-02T10:52:40","guid":{"rendered":"https:\/\/www.joelservis.sk\/?page_id=1000"},"modified":"2020-03-02T12:48:21","modified_gmt":"2020-03-02T11:48:21","slug":"podpora","status":"publish","type":"page","link":"https:\/\/www.joelservis.sk\/en\/sluzby\/podpora\/","title":{"rendered":"Po\u010d\u00edta\u010dov\u00e9 slu\u017eby"},"content":{"rendered":"<div class=\"wpb-content-wrapper\"><p>[vc_row css=&#8221;.vc_custom_1479479612209{padding-top: 100px !important;padding-bottom: 50px !important;}&#8221;][vc_column width=&#8221;3\/4&#8243; el_class=&#8221;border-right&#8221;][vc_single_image image=&#8221;856&#8243; img_size=&#8221;large&#8221; el_class=&#8221;full-width&#8221;][vc_column_text]<\/p>\n<h2>Po\u010d\u00edta\u010dov\u00e9 slu\u017eby<\/h2>\n<p>N\u00e1\u0161 t\u00edm, v\u010faka dlhoro\u010dn\u00fdm sk\u00fasenostiam v oblasti IT, dok\u00e1\u017ee pre v\u00e1s zabezpe\u010di\u0165 ten prav\u00fd mix slu\u017eieb, ktor\u00fd pr\u00e1ve potrebujete.<\/p>\n<ul>\n<li>spr\u00e1va a in\u0161tal\u00e1cie po\u010d\u00edta\u010dov<\/li>\n<li>spr\u00e1va a in\u0161tal\u00e1cie serverov<\/li>\n<li>spr\u00e1va a in\u0161tal\u00e1cie sie\u0165ov\u00fdch prvkov (routre, switche, firewally)<\/li>\n<li>spr\u00e1va a in\u0161tal\u00e1cie telef\u00f3nnych \u00fastredn\u00ed<\/li>\n<li>vybudovanie a zabezpe\u010denie po\u010d\u00edta\u010dov\u00fdch siet\u00ed<\/li>\n<li>predaj hw, sw<\/li>\n<li>at\u010f.<\/li>\n<\/ul>\n<p>[\/vc_column_text][\/vc_column][vc_column width=&#8221;1\/4&#8243;][vc_wp_custommenu title=&#8221;Viac slu\u017eieb&#8221; nav_menu=&#8221;19&#8243; el_class=&#8221;service-menu&#8221;]<div class=\"industry-iconic-btn-wrap\"><h3>Brovchure<\/h3><a href=\"https:\/\/www.joelservis.sk\/en\/kontakt\/\" class=\"industry-iconic-btn\">Download.PDF <i class=\"fa fa-file-pdf-o\"><\/i><\/a><\/div>[\/vc_column][\/vc_row][vc_row full_width=&#8221;stretch_row&#8221; el_class=&#8221;overlay&#8221; css=&#8221;.vc_custom_1479480518446{background-image: url(http:\/\/dev.designcafe.net\/industry\/wp-content\/uploads\/2016\/11\/slide-bg.jpg?id=69) !important;}&#8221;][vc_column]<div style=\"color:#ffffff\" class=\"industry-cta-box industry-cta-box-1\">\n            <h3 style=\"color:#ffffff\">P\u00e1\u010di sa v\u00e1m na\u0161a firma?<\/h3>\n            <div style=\"color:#ffffff\">\n                <p>Sme pripraven\u00ed v\u00e1m pom\u00f4c\u0165.<\/p>\n\n            <\/div>\n            <a href=\"https:\/\/www.joelservis.sk\/en\/kontakt\/\" class=\"industry-btn industry-cta-btn\">Kontaktujte n\u00e1s<\/a>\n        <\/div>[\/vc_column][\/vc_row]<\/p>\n<\/div>","protected":false},"excerpt":{"rendered":"<p>[vc_row css=&#8221;.vc_custom_1479479612209{padding-top: 100px !important;padding-bottom: 50px !important;}&#8221;][vc_column width=&#8221;3\/4&#8243; el_class=&#8221;border-right&#8221;][vc_single_image image=&#8221;856&#8243; img_size=&#8221;large&#8221; el_class=&#8221;full-width&#8221;][vc_column_text] Po\u010d\u00edta\u010dov\u00e9 slu\u017eby N\u00e1\u0161 t\u00edm, v\u010faka dlhoro\u010dn\u00fdm sk\u00fasenostiam v oblasti IT, dok\u00e1\u017ee pre v\u00e1s zabezpe\u010di\u0165 ten prav\u00fd mix slu\u017eieb, ktor\u00fd pr\u00e1ve potrebujete. spr\u00e1va a in\u0161tal\u00e1cie po\u010d\u00edta\u010dov spr\u00e1va a in\u0161tal\u00e1cie serverov spr\u00e1va a in\u0161tal\u00e1cie sie\u0165ov\u00fdch prvkov (routre, switche, firewally) spr\u00e1va a in\u0161tal\u00e1cie telef\u00f3nnych \u00fastredn\u00ed vybudovanie a [&hellip;]<\/p>\n","protected":false},"author":1,"featured_media":0,"parent":12,"menu_order":0,"comment_status":"closed","ping_status":"closed","template":"","meta":{"footnotes":""},"class_list":["post-1000","page","type-page","status-publish","hentry"],"_links":{"self":[{"href":"https:\/\/www.joelservis.sk\/en\/wp-json\/wp\/v2\/pages\/1000","targetHints":{"allow":["GET"]}}],"collection":[{"href":"https:\/\/www.joelservis.sk\/en\/wp-json\/wp\/v2\/pages"}],"about":[{"href":"https:\/\/www.joelservis.sk\/en\/wp-json\/wp\/v2\/types\/page"}],"author":[{"embeddable":true,"href":"https:\/\/www.joelservis.sk\/en\/wp-json\/wp\/v2\/users\/1"}],"replies":[{"embeddable":true,"href":"https:\/\/www.joelservis.sk\/en\/wp-json\/wp\/v2\/comments?post=1000"}],"version-history":[{"count":7,"href":"https:\/\/www.joelservis.sk\/en\/wp-json\/wp\/v2\/pages\/1000\/revisions"}],"predecessor-version":[{"id":1008,"href":"https:\/\/www.joelservis.sk\/en\/wp-json\/wp\/v2\/pages\/1000\/revisions\/1008"}],"up":[{"embeddable":true,"href":"https:\/\/www.joelservis.sk\/en\/wp-json\/wp\/v2\/pages\/12"}],"wp:attachment":[{"href":"https:\/\/www.joelservis.sk\/en\/wp-json\/wp\/v2\/media?parent=1000"}],"curies":[{"name":"wp","href":"https:\/\/api.w.org\/{rel}","templated":true}]}}